{"id":1333,"date":"2019-07-06T11:38:15","date_gmt":"2019-07-06T09:38:15","guid":{"rendered":"https:\/\/mildot.fi\/?post_type=product&#038;p=1333"},"modified":"2024-10-17T09:12:40","modified_gmt":"2024-10-17T07:12:40","slug":"m05-kuulosuojaimen-paallyskangas-sopii-sordin-supreme-pro-x-malliin","status":"publish","type":"product","link":"https:\/\/mildot.fi\/index.php\/product\/m05-kuulosuojaimen-paallyskangas-sopii-sordin-supreme-pro-x-malliin\/","title":{"rendered":"M05 maastokuviollinen p\u00e4\u00e4llyskangas Sordin Supreme Pro-X"},"content":{"rendered":"<p>M05 Foxa Foxdura 1000D varustekankaasta valmistettu p\u00e4\u00e4llyskangas, se on kest\u00e4v\u00e4 ja ei ker\u00e4\u00e4 kosteutta.<\/p>\n<p>T\u00e4m\u00e4 on hiukan ohueempi kokonaisuudessaan kun alkuper\u00e4inen p\u00e4\u00e4llyskangas koska siin\u00e4 ei ole sit\u00e4 minun mielest\u00e4 turhaa pehmustetta sis\u00e4puolella, tarranauhan voi my\u00f6s asettaa kuulosuojaimen kaaren sis\u00e4puolelle jos kaipaa tasaisemman ulkopinnan ja v\u00e4h\u00e4n pehmustetta sis\u00e4puolelle, mutta se vaatii minuutin tai pari sormin\u00e4pp\u00e4ryytt\u00e4 saadakseen tarranauhan tasaisemmaksi ( asetusvinkki: aseta kuulosuojaimet polvien tai tyynyn ymp\u00e4rille ja aloita kiinnitt\u00e4minen keskelt\u00e4 ja siirry siitt\u00e4 kohti ulkokulmia.)<\/p>\n<p>*Normaali-lyhyt M05 versio on saman mittainen kun Sordin-MSA oma maastokuvioitu p\u00e4\u00e4llyskangas.<br \/>\n*Pitk\u00e4 M05 versio on sopivan pituinen jos yleens\u00e4 k\u00e4yt\u00e4t kuulosuojaimia niiden maksimipituudessa tai yht\u00e4 asetusta (molemmin puolin) vaille niiden t\u00e4yspituutta, mutta huomioithan ett\u00e4 silloin et voi lyhent\u00e4\u00e4 p\u00e4\u00e4pantaa.<\/p>\n<p>Signaalikaapelin voi esimerkiksi teipata tai kuumaliimata kiinni pannan ulkoreunaan niin samalla poistuu se aina v\u00e4lill\u00e4 ik\u00e4v\u00e4 kipu p\u00e4\u00e4laessa kun kaapeli on ollut muovipannan ja hiuspohjan v\u00e4liss\u00e4.<\/p>\n<p>Lis\u00e4vinkki: K\u00e4yt\u00f6n j\u00e4lkeen voi k\u00e4\u00e4nt\u00e4\u00e4 kuulosuojaiminen kupit nurinp\u00e4in niin saat ne kuivattua\/tuuletettua, hygieena paranee ja samalla kuulosuojaimien elektroniika kiitt\u00e4\u00e4.<\/p>\n<p><span style=\"color: red;\"><strong>Postituskulut ovat vain 5,00\u20ac t\u00e4lle tuotteelle jos k\u00e4yt\u00e4t kuponkia jos tilaat maksmissaan 3kpl (Huom. Ei ole voimassa noutotilauksille): SORDIN-RAHTI. Tarjousta ei voi yhdist\u00e4\u00e4 muihin tuotteisiin tai tarjouksiin.<br \/>\n<\/strong><\/span><\/p>\n","protected":false},"excerpt":{"rendered":"<p>M05 Foxa Foxdura 1000D varustekankaasta valmistettu p\u00e4\u00e4llyskangas, kuulosuojaimen p\u00e4\u00e4llyskangas sopii Sordin Supreme Pro-X malliin. Se on kest\u00e4v\u00e4 ja ei ker\u00e4\u00e4 kosteutta.<\/p>\n","protected":false},"featured_media":1334,"comment_status":"open","ping_status":"closed","template":"","meta":{"ocean_post_layout":"","ocean_both_sidebars_style":"","ocean_both_sidebars_content_width":0,"ocean_both_sidebars_sidebars_width":0,"ocean_sidebar":"0","ocean_second_sidebar":"0","ocean_disable_margins":"enable","ocean_add_body_class":"","ocean_shortcode_before_top_bar":"","ocean_shortcode_after_top_bar":"","ocean_shortcode_before_header":"","ocean_shortcode_after_header":"","ocean_has_shortcode":"","ocean_shortcode_after_title":"","ocean_shortcode_before_footer_widgets":"","ocean_shortcode_after_footer_widgets":"","ocean_shortcode_before_footer_bottom":"","ocean_shortcode_after_footer_bottom":"","ocean_display_top_bar":"default","ocean_display_header":"default","ocean_header_style":"","ocean_center_header_left_menu":"0","ocean_custom_header_template":"0","ocean_custom_logo":0,"ocean_custom_retina_logo":0,"ocean_custom_logo_max_width":0,"ocean_custom_logo_tablet_max_width":0,"ocean_custom_logo_mobile_max_width":0,"ocean_custom_logo_max_height":0,"ocean_custom_logo_tablet_max_height":0,"ocean_custom_logo_mobile_max_height":0,"ocean_header_custom_menu":"0","ocean_menu_typo_font_family":"0","ocean_menu_typo_font_subset":"","ocean_menu_typo_font_size":0,"ocean_menu_typo_font_size_tablet":0,"ocean_menu_typo_font_size_mobile":0,"ocean_menu_typo_font_size_unit":"px","ocean_menu_typo_font_weight":"","ocean_menu_typo_font_weight_tablet":"","ocean_menu_typo_font_weight_mobile":"","ocean_menu_typo_transform":"","ocean_menu_typo_transform_tablet":"","ocean_menu_typo_transform_mobile":"","ocean_menu_typo_line_height":0,"ocean_menu_typo_line_height_tablet":0,"ocean_menu_typo_line_height_mobile":0,"ocean_menu_typo_line_height_unit":"","ocean_menu_typo_spacing":0,"ocean_menu_typo_spacing_tablet":0,"ocean_menu_typo_spacing_mobile":0,"ocean_menu_typo_spacing_unit":"","ocean_menu_link_color":"","ocean_menu_link_color_hover":"","ocean_menu_link_color_active":"","ocean_menu_link_background":"","ocean_menu_link_hover_background":"","ocean_menu_link_active_background":"","ocean_menu_social_links_bg":"","ocean_menu_social_hover_links_bg":"","ocean_menu_social_links_color":"","ocean_menu_social_hover_links_color":"","ocean_disable_title":"default","ocean_disable_heading":"default","ocean_post_title":"","ocean_post_subheading":"","ocean_post_title_style":"","ocean_post_title_background_color":"","ocean_post_title_background":0,"ocean_post_title_bg_image_position":"","ocean_post_title_bg_image_attachment":"","ocean_post_title_bg_image_repeat":"","ocean_post_title_bg_image_size":"","ocean_post_title_height":0,"ocean_post_title_bg_overlay":0.5,"ocean_post_title_bg_overlay_color":"","ocean_disable_breadcrumbs":"default","ocean_breadcrumbs_color":"","ocean_breadcrumbs_separator_color":"","ocean_breadcrumbs_links_color":"","ocean_breadcrumbs_links_hover_color":"","ocean_display_footer_widgets":"default","ocean_display_footer_bottom":"default","ocean_custom_footer_template":"0","jetpack_publicize_message":"","jetpack_publicize_feature_enabled":true,"jetpack_social_post_already_shared":false,"jetpack_social_options":{"image_generator_settings":{"template":"highway","default_image_id":0,"font":"","enabled":false},"version":2}},"pwb-brand":[570],"product_brand":[],"product_cat":[162,233,136],"product_tag":[236,234,235,80,82,297,295,296],"class_list":{"0":"post-1333","1":"product","2":"type-product","3":"status-publish","4":"has-post-thumbnail","6":"pwb-brand-mildot","7":"product_cat-mildot","8":"product_cat-tekstiilit","9":"product_cat-tyokalut-ja-pientuotteet","10":"product_tag-1000d","11":"product_tag-foxa","12":"product_tag-foxdura","13":"product_tag-m05","14":"product_tag-maastokuvio","15":"product_tag-pro-x","16":"product_tag-sordin","17":"product_tag-supreme","19":"entry","20":"has-media","22":"first","23":"instock","24":"taxable","25":"shipping-taxable","26":"purchasable","27":"product-type-variable","28":"has-product-nav","29":"col","30":"span_1_of_4","31":"owp-content-center","32":"owp-thumbs-layout-horizontal","33":"owp-btn-normal","34":"owp-tabs-layout-horizontal"},"jetpack_publicize_connections":[],"jetpack_sharing_enabled":true,"brands":[{"id":570,"name":"Mildot","slug":"mildot"}],"_links":{"self":[{"href":"https:\/\/mildot.fi\/index.php\/wp-json\/wp\/v2\/product\/1333","targetHints":{"allow":["GET"]}}],"collection":[{"href":"https:\/\/mildot.fi\/index.php\/wp-json\/wp\/v2\/product"}],"about":[{"href":"https:\/\/mildot.fi\/index.php\/wp-json\/wp\/v2\/types\/product"}],"replies":[{"embeddable":true,"href":"https:\/\/mildot.fi\/index.php\/wp-json\/wp\/v2\/comments?post=1333"}],"wp:featuredmedia":[{"embeddable":true,"href":"https:\/\/mildot.fi\/index.php\/wp-json\/wp\/v2\/media\/1334"}],"wp:attachment":[{"href":"https:\/\/mildot.fi\/index.php\/wp-json\/wp\/v2\/media?parent=1333"}],"wp:term":[{"taxonomy":"pwb-brand","embeddable":true,"href":"https:\/\/mildot.fi\/index.php\/wp-json\/wp\/v2\/pwb-brand?post=1333"},{"taxonomy":"product_brand","embeddable":true,"href":"https:\/\/mildot.fi\/index.php\/wp-json\/wp\/v2\/product_brand?post=1333"},{"taxonomy":"product_cat","embeddable":true,"href":"https:\/\/mildot.fi\/index.php\/wp-json\/wp\/v2\/product_cat?post=1333"},{"taxonomy":"product_tag","embeddable":true,"href":"https:\/\/mildot.fi\/index.php\/wp-json\/wp\/v2\/product_tag?post=1333"}],"curies":[{"name":"wp","href":"https:\/\/api.w.org\/{rel}","templated":true}]}}