{"id":11271,"date":"2023-01-26T14:26:34","date_gmt":"2023-01-26T12:26:34","guid":{"rendered":"https:\/\/mildot.fi\/?post_type=product&#038;p=11271"},"modified":"2025-03-06T13:40:10","modified_gmt":"2025-03-06T11:40:10","slug":"magpul-prs-gen-3","status":"publish","type":"product","link":"https:\/\/mildot.fi\/index.php\/product\/magpul-prs-gen-3\/","title":{"rendered":"MAGPUL PRS GEN 3 Precision &#8211; AR-15\/308 s\u00e4\u00e4dett\u00e4v\u00e4 per\u00e4 &#8211; Musta"},"content":{"rendered":"<p>HEIGHT &amp; CANT ADJUSTABLE NON-SLIP RUBBER BUTT-PAD<\/p>\n<p>Rubber butt-pad provides positive shoulder purchase to prevent slippage and is adjustable for both cant and height. Enhanced strength butt-plate withstands severe impact and recoil up to .50 BMG<\/p>\n<p><img data-recalc-dims=\"1\" fetchpriority=\"high\" decoding=\"async\" class=\"size-medium wp-image-11274 alignleft\" src=\"https:\/\/i0.wp.com\/mildot.fi\/wp-content\/uploads\/2023\/01\/mag672-blk_prs_gen3_precision-adjustable_stock_03_1.jpg?resize=300%2C300&#038;ssl=1\" alt=\"\" width=\"300\" height=\"300\" srcset=\"https:\/\/i0.wp.com\/mildot.fi\/wp-content\/uploads\/2023\/01\/mag672-blk_prs_gen3_precision-adjustable_stock_03_1.jpg?resize=300%2C300&amp;ssl=1 300w, https:\/\/i0.wp.com\/mildot.fi\/wp-content\/uploads\/2023\/01\/mag672-blk_prs_gen3_precision-adjustable_stock_03_1.jpg?resize=1024%2C1024&amp;ssl=1 1024w, https:\/\/i0.wp.com\/mildot.fi\/wp-content\/uploads\/2023\/01\/mag672-blk_prs_gen3_precision-adjustable_stock_03_1.jpg?resize=150%2C150&amp;ssl=1 150w, https:\/\/i0.wp.com\/mildot.fi\/wp-content\/uploads\/2023\/01\/mag672-blk_prs_gen3_precision-adjustable_stock_03_1.jpg?resize=768%2C768&amp;ssl=1 768w, https:\/\/i0.wp.com\/mildot.fi\/wp-content\/uploads\/2023\/01\/mag672-blk_prs_gen3_precision-adjustable_stock_03_1.jpg?resize=600%2C600&amp;ssl=1 600w, https:\/\/i0.wp.com\/mildot.fi\/wp-content\/uploads\/2023\/01\/mag672-blk_prs_gen3_precision-adjustable_stock_03_1.jpg?resize=400%2C400&amp;ssl=1 400w, https:\/\/i0.wp.com\/mildot.fi\/wp-content\/uploads\/2023\/01\/mag672-blk_prs_gen3_precision-adjustable_stock_03_1.jpg?resize=700%2C700&amp;ssl=1 700w, https:\/\/i0.wp.com\/mildot.fi\/wp-content\/uploads\/2023\/01\/mag672-blk_prs_gen3_precision-adjustable_stock_03_1.jpg?resize=100%2C100&amp;ssl=1 100w, https:\/\/i0.wp.com\/mildot.fi\/wp-content\/uploads\/2023\/01\/mag672-blk_prs_gen3_precision-adjustable_stock_03_1.jpg?resize=50%2C50&amp;ssl=1 50w, https:\/\/i0.wp.com\/mildot.fi\/wp-content\/uploads\/2023\/01\/mag672-blk_prs_gen3_precision-adjustable_stock_03_1.jpg?w=1200&amp;ssl=1 1200w\" sizes=\"(max-width: 300px) 100vw, 300px\" \/><\/p>\n<p>&nbsp;<\/p>\n<p>&nbsp;<\/p>\n<p>&nbsp;<\/p>\n<p>&nbsp;<\/p>\n<p>&nbsp;<\/p>\n<p>&nbsp;<\/p>\n<p>&nbsp;<\/p>\n<p>&nbsp;<\/p>\n<p>TOOL-LESS COMB HEIGHT AND LENGTH OF PULL ADJUSTMENT<\/p>\n<p>Machined aluminum LOP and Cheek Piece adjustment knobs with positive locking click detents. Steel adjustment shafts finished with Melonite\u00ae for wear and corrosion resistance<\/p>\n<p><img data-recalc-dims=\"1\" decoding=\"async\" class=\"size-medium wp-image-11273 alignleft\" src=\"https:\/\/i0.wp.com\/mildot.fi\/wp-content\/uploads\/2023\/01\/mag672-blk_prs_gen3_precision-adjustable_stock_02_1.jpg?resize=300%2C300&#038;ssl=1\" alt=\"\" width=\"300\" height=\"300\" srcset=\"https:\/\/i0.wp.com\/mildot.fi\/wp-content\/uploads\/2023\/01\/mag672-blk_prs_gen3_precision-adjustable_stock_02_1.jpg?resize=300%2C300&amp;ssl=1 300w, https:\/\/i0.wp.com\/mildot.fi\/wp-content\/uploads\/2023\/01\/mag672-blk_prs_gen3_precision-adjustable_stock_02_1.jpg?resize=1024%2C1024&amp;ssl=1 1024w, https:\/\/i0.wp.com\/mildot.fi\/wp-content\/uploads\/2023\/01\/mag672-blk_prs_gen3_precision-adjustable_stock_02_1.jpg?resize=150%2C150&amp;ssl=1 150w, https:\/\/i0.wp.com\/mildot.fi\/wp-content\/uploads\/2023\/01\/mag672-blk_prs_gen3_precision-adjustable_stock_02_1.jpg?resize=768%2C768&amp;ssl=1 768w, https:\/\/i0.wp.com\/mildot.fi\/wp-content\/uploads\/2023\/01\/mag672-blk_prs_gen3_precision-adjustable_stock_02_1.jpg?resize=600%2C600&amp;ssl=1 600w, https:\/\/i0.wp.com\/mildot.fi\/wp-content\/uploads\/2023\/01\/mag672-blk_prs_gen3_precision-adjustable_stock_02_1.jpg?resize=400%2C400&amp;ssl=1 400w, https:\/\/i0.wp.com\/mildot.fi\/wp-content\/uploads\/2023\/01\/mag672-blk_prs_gen3_precision-adjustable_stock_02_1.jpg?resize=700%2C700&amp;ssl=1 700w, https:\/\/i0.wp.com\/mildot.fi\/wp-content\/uploads\/2023\/01\/mag672-blk_prs_gen3_precision-adjustable_stock_02_1.jpg?resize=100%2C100&amp;ssl=1 100w, https:\/\/i0.wp.com\/mildot.fi\/wp-content\/uploads\/2023\/01\/mag672-blk_prs_gen3_precision-adjustable_stock_02_1.jpg?resize=50%2C50&amp;ssl=1 50w, https:\/\/i0.wp.com\/mildot.fi\/wp-content\/uploads\/2023\/01\/mag672-blk_prs_gen3_precision-adjustable_stock_02_1.jpg?w=1200&amp;ssl=1 1200w\" sizes=\"(max-width: 300px) 100vw, 300px\" \/><\/p>\n<p>&nbsp;<\/p>\n<p>&nbsp;<\/p>\n<p>&nbsp;<\/p>\n<p>&nbsp;<\/p>\n<p>&nbsp;<\/p>\n<p>&nbsp;<\/p>\n<p>&nbsp;<\/p>\n<p>&nbsp;<\/p>\n<p>SLING MOUNT OPTIONS<\/p>\n<p>Front\/Rear &#8211; rotation-limited QD sling swivel mounts (swivels not included)<\/p>\n<p>Rear &#8211; 1.25&#8243; aluminum sling loop (left-right reversible)<\/p>\n<p><img data-recalc-dims=\"1\" decoding=\"async\" class=\"alignleft size-medium wp-image-11279\" src=\"https:\/\/i0.wp.com\/mildot.fi\/wp-content\/uploads\/2023\/01\/MAG672-Feature_PRS_GEN3_Precision-Adjustable_Stock_03.jpg?resize=300%2C225&#038;ssl=1\" alt=\"\" width=\"300\" height=\"225\" srcset=\"https:\/\/i0.wp.com\/mildot.fi\/wp-content\/uploads\/2023\/01\/MAG672-Feature_PRS_GEN3_Precision-Adjustable_Stock_03.jpg?resize=300%2C225&amp;ssl=1 300w, https:\/\/i0.wp.com\/mildot.fi\/wp-content\/uploads\/2023\/01\/MAG672-Feature_PRS_GEN3_Precision-Adjustable_Stock_03.jpg?w=700&amp;ssl=1 700w\" sizes=\"(max-width: 300px) 100vw, 300px\" \/><\/p>\n<p>&nbsp;<\/p>\n<p>&nbsp;<\/p>\n<p>&nbsp;<\/p>\n<p>&nbsp;<\/p>\n<p>&nbsp;<\/p>\n<p>&nbsp;<\/p>\n<p>&nbsp;<\/p>\n<p>BOTTOM M-LOK SLOTS FOR MONOPOD\/ACCESSORY MOUNTING<\/p>\n<p>Bottom M-LOK slots provide additional sling mounting possibilities or for attaching 1913 Picatinny rails for use with a monopod<\/p>\n<p><img data-recalc-dims=\"1\" loading=\"lazy\" decoding=\"async\" class=\"alignleft size-medium wp-image-11280\" src=\"https:\/\/i0.wp.com\/mildot.fi\/wp-content\/uploads\/2023\/01\/MAG672-Feature_PRS_GEN3_Precision-Adjustable_Stock_04.jpg?resize=300%2C225&#038;ssl=1\" alt=\"\" width=\"300\" height=\"225\" srcset=\"https:\/\/i0.wp.com\/mildot.fi\/wp-content\/uploads\/2023\/01\/MAG672-Feature_PRS_GEN3_Precision-Adjustable_Stock_04.jpg?resize=300%2C225&amp;ssl=1 300w, https:\/\/i0.wp.com\/mildot.fi\/wp-content\/uploads\/2023\/01\/MAG672-Feature_PRS_GEN3_Precision-Adjustable_Stock_04.jpg?w=700&amp;ssl=1 700w\" sizes=\"(max-width: 300px) 100vw, 300px\" \/><\/p>\n<p>&nbsp;<\/p>\n<p>&nbsp;<\/p>\n<p>&nbsp;<\/p>\n<p>&nbsp;<\/p>\n<p>&nbsp;<\/p>\n<p>&nbsp;<\/p>\n<p>&nbsp;<\/p>\n<p class=\"responsive-video-wrap clr\"><iframe title=\"Magpul - PRS GEN 3 Now Shipping\" width=\"1200\" height=\"675\" src=\"https:\/\/www.youtube.com\/embed\/n_mdeO6TMD0?feature=oembed\" frameborder=\"0\" allow=\"accelerometer; autoplay; clipboard-write; encrypted-media; gyroscope; picture-in-picture; web-share\" allowfullscreen><\/iframe><\/p>\n<p>&nbsp;<\/p>\n<h2 class=\"product-section-title\">Technical Specifications<\/h2>\n<div class=\"additional-attributes-wrapper table-wrapper\">\n<table id=\"product-attribute-specs-table\" class=\"data table additional-attributes\">\n<caption class=\"table-caption\">More Information<\/caption>\n<tbody>\n<tr>\n<th class=\"col label\" scope=\"row\">Platform<\/th>\n<td class=\"col data\" data-th=\"Platform\">AR10, AR15, M4, M16, M110, SR25<\/td>\n<\/tr>\n<tr>\n<th class=\"col label\" scope=\"row\">Compatibility<\/th>\n<td class=\"col data\" data-th=\"Compatibility\">Mounts to rifle-length receiver extension tube without A2 spacer but will also accommodate Mil-Spec sized M4 Carbine and many A5-length tubes with standard Castle Nuts and End Plates (not included)*<\/td>\n<\/tr>\n<tr>\n<th class=\"col label\" scope=\"row\">Cheek Height Adjustment Range<\/th>\n<td class=\"col data\" data-th=\"Cheek Height Adjustment Range\">0.8 in.<\/td>\n<\/tr>\n<tr>\n<th class=\"col label\" scope=\"row\">LOP, M4 Collapsed<\/th>\n<td class=\"col data\" data-th=\"LOP, M4 Collapsed\">~14.3 in.<\/td>\n<\/tr>\n<tr>\n<th class=\"col label\" scope=\"row\">LOP, M4 Extended<\/th>\n<td class=\"col data\" data-th=\"LOP, M4 Extended\">~15.7 in.<\/td>\n<\/tr>\n<tr>\n<th class=\"col label\" scope=\"row\">LOP Adjustment Range<\/th>\n<td class=\"col data\" data-th=\"LOP Adjustment Range\">1.4 in.<\/td>\n<\/tr>\n<tr>\n<th class=\"col label\" scope=\"row\">Length, max<\/th>\n<td class=\"col data\" data-th=\"Length, max\">11.5-12.9 in.<\/td>\n<\/tr>\n<tr>\n<th class=\"col label\" scope=\"row\">Weight<\/th>\n<td class=\"col data\" data-th=\"Weight\">27.8 oz.<\/td>\n<\/tr>\n<tr>\n<th class=\"col label\" scope=\"row\">Weight, w\/ receiver extension<\/th>\n<td class=\"col data\" data-th=\"Weight, w\/ receiver extension\">~31.7 oz. =899g<\/td>\n<\/tr>\n<tr>\n<th class=\"col label\" scope=\"row\">Other Specs<\/th>\n<td class=\"col data\" data-th=\"Other Specs\">Weight, w\/carbine receiver extension:\u00a0 31.7 oz.<\/p>\n<p><strong>*NOTE:<\/strong>\u00a0Due to the wide variety of designs and dimensions of carbine receiver extensions as well as the associated mounting hardware, proper fit cannot be guaranteed.\u00a0 Mounting to a rifle-length receiver extension is recommended to ensure optimal fit and function.<\/td>\n<\/tr>\n<\/tbody>\n<\/table>\n<\/div>\n<p>Manual: <a href=\"https:\/\/mildot.fi\/wp-content\/uploads\/2023\/01\/MAG672_PRS_GEN3_Stock_INSRT.pdf\">MAG672_PRS_GEN3_Stock_INSRT<\/a><\/p>\n","protected":false},"excerpt":{"rendered":"<p>The PRS GEN3 is a field precision stock for AR15\/M16 and AR10\/SR25 platforms, featuring tool-less length of pull and cheek piece height adjustment.<\/p>\n<p>With solid adjustments for length of pull and cheek piece height via aluminum detent knobs, the PRS GEN3 (Precision Rifle\/Sniper) stock provides a stable interface and is intended for semi-automatic sniper or varmint type rifles. Offering a nearly universal fit, it is optimized for rifle-length receiver extensions but will also mount to many mil-spec carbine and A5-length tubes*. Includes a cant\/height-adjustable rubber butt-pad and rotation-limiting QD sling swivel cups as well as M-LOK\u00ae slots on the bottom for rear monopod mounting.<\/p>\n<p>Made in the USA.<\/p>\n","protected":false},"featured_media":11272,"comment_status":"open","ping_status":"closed","template":"","meta":{"ocean_post_layout":"","ocean_both_sidebars_style":"","ocean_both_sidebars_content_width":0,"ocean_both_sidebars_sidebars_width":0,"ocean_sidebar":"0","ocean_second_sidebar":"0","ocean_disable_margins":"enable","ocean_add_body_class":"","ocean_shortcode_before_top_bar":"","ocean_shortcode_after_top_bar":"","ocean_shortcode_before_header":"","ocean_shortcode_after_header":"","ocean_has_shortcode":"","ocean_shortcode_after_title":"","ocean_shortcode_before_footer_widgets":"","ocean_shortcode_after_footer_widgets":"","ocean_shortcode_before_footer_bottom":"","ocean_shortcode_after_footer_bottom":"","ocean_display_top_bar":"default","ocean_display_header":"default","ocean_header_style":"","ocean_center_header_left_menu":"0","ocean_custom_header_template":"0","ocean_custom_logo":0,"ocean_custom_retina_logo":0,"ocean_custom_logo_max_width":0,"ocean_custom_logo_tablet_max_width":0,"ocean_custom_logo_mobile_max_width":0,"ocean_custom_logo_max_height":0,"ocean_custom_logo_tablet_max_height":0,"ocean_custom_logo_mobile_max_height":0,"ocean_header_custom_menu":"0","ocean_menu_typo_font_family":"0","ocean_menu_typo_font_subset":"","ocean_menu_typo_font_size":0,"ocean_menu_typo_font_size_tablet":0,"ocean_menu_typo_font_size_mobile":0,"ocean_menu_typo_font_size_unit":"px","ocean_menu_typo_font_weight":"","ocean_menu_typo_font_weight_tablet":"","ocean_menu_typo_font_weight_mobile":"","ocean_menu_typo_transform":"","ocean_menu_typo_transform_tablet":"","ocean_menu_typo_transform_mobile":"","ocean_menu_typo_line_height":0,"ocean_menu_typo_line_height_tablet":0,"ocean_menu_typo_line_height_mobile":0,"ocean_menu_typo_line_height_unit":"","ocean_menu_typo_spacing":0,"ocean_menu_typo_spacing_tablet":0,"ocean_menu_typo_spacing_mobile":0,"ocean_menu_typo_spacing_unit":"","ocean_menu_link_color":"","ocean_menu_link_color_hover":"","ocean_menu_link_color_active":"","ocean_menu_link_background":"","ocean_menu_link_hover_background":"","ocean_menu_link_active_background":"","ocean_menu_social_links_bg":"","ocean_menu_social_hover_links_bg":"","ocean_menu_social_links_color":"","ocean_menu_social_hover_links_color":"","ocean_disable_title":"default","ocean_disable_heading":"default","ocean_post_title":"","ocean_post_subheading":"","ocean_post_title_style":"","ocean_post_title_background_color":"","ocean_post_title_background":0,"ocean_post_title_bg_image_position":"","ocean_post_title_bg_image_attachment":"","ocean_post_title_bg_image_repeat":"","ocean_post_title_bg_image_size":"","ocean_post_title_height":0,"ocean_post_title_bg_overlay":0.5,"ocean_post_title_bg_overlay_color":"","ocean_disable_breadcrumbs":"default","ocean_breadcrumbs_color":"","ocean_breadcrumbs_separator_color":"","ocean_breadcrumbs_links_color":"","ocean_breadcrumbs_links_hover_color":"","ocean_display_footer_widgets":"default","ocean_display_footer_bottom":"default","ocean_custom_footer_template":"0","jetpack_publicize_message":"","jetpack_publicize_feature_enabled":true,"jetpack_social_post_already_shared":true,"jetpack_social_options":{"image_generator_settings":{"template":"highway","default_image_id":0,"font":"","enabled":false},"version":2}},"pwb-brand":[2528],"product_brand":[],"product_cat":[2529,2326,136],"product_tag":[2535,1957,1962,2534,2531,2530,2225,33,300,1960,2532,2533],"class_list":{"0":"post-11271","1":"product","2":"type-product","3":"status-publish","4":"has-post-thumbnail","6":"pwb-brand-magpul","7":"product_cat-magpul","8":"product_cat-tukit","9":"product_cat-tyokalut-ja-pientuotteet","10":"product_tag-adjustable","11":"product_tag-ar10","12":"product_tag-ar15","13":"product_tag-gen3","14":"product_tag-m110","15":"product_tag-m16","16":"product_tag-magpul","17":"product_tag-precision","18":"product_tag-prs","19":"product_tag-saadettava","20":"product_tag-sr25","21":"product_tag-takatukki","23":"entry","24":"has-media","26":"first","27":"instock","28":"taxable","29":"shipping-taxable","30":"purchasable","31":"product-type-simple","32":"has-product-nav","33":"col","34":"span_1_of_4","35":"owp-content-center","36":"owp-thumbs-layout-horizontal","37":"owp-btn-normal","38":"owp-tabs-layout-horizontal"},"jetpack_publicize_connections":[],"jetpack_sharing_enabled":true,"brands":[{"id":2528,"name":"Magpul","slug":"magpul"}],"_links":{"self":[{"href":"https:\/\/mildot.fi\/index.php\/wp-json\/wp\/v2\/product\/11271","targetHints":{"allow":["GET"]}}],"collection":[{"href":"https:\/\/mildot.fi\/index.php\/wp-json\/wp\/v2\/product"}],"about":[{"href":"https:\/\/mildot.fi\/index.php\/wp-json\/wp\/v2\/types\/product"}],"replies":[{"embeddable":true,"href":"https:\/\/mildot.fi\/index.php\/wp-json\/wp\/v2\/comments?post=11271"}],"wp:featuredmedia":[{"embeddable":true,"href":"https:\/\/mildot.fi\/index.php\/wp-json\/wp\/v2\/media\/11272"}],"wp:attachment":[{"href":"https:\/\/mildot.fi\/index.php\/wp-json\/wp\/v2\/media?parent=11271"}],"wp:term":[{"taxonomy":"pwb-brand","embeddable":true,"href":"https:\/\/mildot.fi\/index.php\/wp-json\/wp\/v2\/pwb-brand?post=11271"},{"taxonomy":"product_brand","embeddable":true,"href":"https:\/\/mildot.fi\/index.php\/wp-json\/wp\/v2\/product_brand?post=11271"},{"taxonomy":"product_cat","embeddable":true,"href":"https:\/\/mildot.fi\/index.php\/wp-json\/wp\/v2\/product_cat?post=11271"},{"taxonomy":"product_tag","embeddable":true,"href":"https:\/\/mildot.fi\/index.php\/wp-json\/wp\/v2\/product_tag?post=11271"}],"curies":[{"name":"wp","href":"https:\/\/api.w.org\/{rel}","templated":true}]}}