{"id":10438,"date":"2022-05-15T13:12:08","date_gmt":"2022-05-15T11:12:08","guid":{"rendered":"https:\/\/mildot.fi\/?post_type=product&#038;p=10438"},"modified":"2024-09-23T10:55:28","modified_gmt":"2024-09-23T08:55:28","slug":"ammuntatukipussi-kantikas-m05-pieni","status":"publish","type":"product","link":"https:\/\/mildot.fi\/index.php\/product\/ammuntatukipussi-kantikas-m05-pieni\/","title":{"rendered":"Ampumatukipussi kantikas M05 &#8211; Pieni"},"content":{"rendered":"<p>Takatukin alle tarkoitettu perinteinen ampumatukipussi on pitk\u00e4\u00e4n ollut irrallinen (noin 33cl purkin) muotoinen pussi. Kes\u00e4n 2021 aikana useampi kyseli kantikkaan takapussin per\u00e4\u00e4n, ett\u00e4 saisi kolme peruskorkeuutta jota ampuja pystyisi helpommin hienos\u00e4\u00e4t\u00e4m\u00e4\u00e4n korkeuutta puristamalla pussia kasaan.<br \/>\nTukipussi on kotimainen tuote ja voit ostaa sen suoraan meilt\u00e4!<\/p>\n<p>Ampumatukipussi on valmistettu M05 kuvioisesta vahvasta Foxdura 1000D kankaasta, pussin reunasaumaan on ommeltu lenkki polyester nauhasta, voit kiinnitt\u00e4\u00e4 pussi aseeseen tai omiin vaatteisiin ett\u00e4 pussi varmasti pysyisi mukana ripe\u00e4m\u00e4ss\u00e4kin toiminnassa.<\/p>\n<p>Tilauksesta my\u00f6s muissa v\u00e4reiss\u00e4 (katso tuotekuvat) polyester 600D kankaasta, toimitusaika +3-5 p\u00e4iv\u00e4\u00e4.<\/p>\n<p>Pussin koko: noin 12&#215;7,5&#215;4,5cm ja t\u00e4ytteen\u00e4 on muovigranulaatti tai kevyeet EPS-kuulat. T\u00e4m\u00e4 on saman kokoinen tukipussi kun mik\u00e4 l\u00f6ytyy tuotteesta <a href=\"https:\/\/mildot.fi\/index.php\/product\/tarkka-ampujan-tukipussi-kantikas-m05\/\">Tarkka-ampujan tukipussi kantikas M05<\/a><\/p>\n<p>Jos mielummin valmistat oman pussin itse niin meilt\u00e4 l\u00f6yd\u00e4t kankaat, t\u00e4ytteet ja hihnanauhat y.m.<\/p>\n<p>Tukipussi on kotimainen tuote ja voit ostaa sen suoraan meilt\u00e4!<\/p>\n","protected":false},"excerpt":{"rendered":"<p>Takatukin alle tarkoitettu perinteinen ampumatukipussi on pitk\u00e4\u00e4n ollut irrallinen (noin 33cl purkin) muotoinen pussi. Kes\u00e4n 2021 aikana useampi kyseli kantikkaan takapussin per\u00e4\u00e4n, ett\u00e4 saisi kolme peruskorkeuutta jota ampuja pystyisi helpommin hienos\u00e4\u00e4t\u00e4m\u00e4\u00e4n korkeuutta puristamalla pussia kasaan. Tukipussi on kotimainen tuote ja voit ostaa sen suoraan meilt\u00e4! Ampumatukipussi on valmistettu M05 kuvioisesta vahvasta Foxdura 1000D kankaasta, pussin [&hellip;]<\/p>\n","protected":false},"featured_media":10432,"comment_status":"open","ping_status":"closed","template":"","meta":{"ocean_post_layout":"","ocean_both_sidebars_style":"","ocean_both_sidebars_content_width":0,"ocean_both_sidebars_sidebars_width":0,"ocean_sidebar":"0","ocean_second_sidebar":"0","ocean_disable_margins":"enable","ocean_add_body_class":"","ocean_shortcode_before_top_bar":"","ocean_shortcode_after_top_bar":"","ocean_shortcode_before_header":"","ocean_shortcode_after_header":"","ocean_has_shortcode":"","ocean_shortcode_after_title":"","ocean_shortcode_before_footer_widgets":"","ocean_shortcode_after_footer_widgets":"","ocean_shortcode_before_footer_bottom":"","ocean_shortcode_after_footer_bottom":"","ocean_display_top_bar":"default","ocean_display_header":"default","ocean_header_style":"","ocean_center_header_left_menu":"0","ocean_custom_header_template":"0","ocean_custom_logo":0,"ocean_custom_retina_logo":0,"ocean_custom_logo_max_width":0,"ocean_custom_logo_tablet_max_width":0,"ocean_custom_logo_mobile_max_width":0,"ocean_custom_logo_max_height":0,"ocean_custom_logo_tablet_max_height":0,"ocean_custom_logo_mobile_max_height":0,"ocean_header_custom_menu":"0","ocean_menu_typo_font_family":"0","ocean_menu_typo_font_subset":"","ocean_menu_typo_font_size":0,"ocean_menu_typo_font_size_tablet":0,"ocean_menu_typo_font_size_mobile":0,"ocean_menu_typo_font_size_unit":"px","ocean_menu_typo_font_weight":"","ocean_menu_typo_font_weight_tablet":"","ocean_menu_typo_font_weight_mobile":"","ocean_menu_typo_transform":"","ocean_menu_typo_transform_tablet":"","ocean_menu_typo_transform_mobile":"","ocean_menu_typo_line_height":0,"ocean_menu_typo_line_height_tablet":0,"ocean_menu_typo_line_height_mobile":0,"ocean_menu_typo_line_height_unit":"","ocean_menu_typo_spacing":0,"ocean_menu_typo_spacing_tablet":0,"ocean_menu_typo_spacing_mobile":0,"ocean_menu_typo_spacing_unit":"","ocean_menu_link_color":"","ocean_menu_link_color_hover":"","ocean_menu_link_color_active":"","ocean_menu_link_background":"","ocean_menu_link_hover_background":"","ocean_menu_link_active_background":"","ocean_menu_social_links_bg":"","ocean_menu_social_hover_links_bg":"","ocean_menu_social_links_color":"","ocean_menu_social_hover_links_color":"","ocean_disable_title":"default","ocean_disable_heading":"default","ocean_post_title":"","ocean_post_subheading":"","ocean_post_title_style":"","ocean_post_title_background_color":"","ocean_post_title_background":0,"ocean_post_title_bg_image_position":"","ocean_post_title_bg_image_attachment":"","ocean_post_title_bg_image_repeat":"","ocean_post_title_bg_image_size":"","ocean_post_title_height":0,"ocean_post_title_bg_overlay":0.5,"ocean_post_title_bg_overlay_color":"","ocean_disable_breadcrumbs":"default","ocean_breadcrumbs_color":"","ocean_breadcrumbs_separator_color":"","ocean_breadcrumbs_links_color":"","ocean_breadcrumbs_links_hover_color":"","ocean_display_footer_widgets":"default","ocean_display_footer_bottom":"default","ocean_custom_footer_template":"0","jetpack_publicize_message":"","jetpack_publicize_feature_enabled":true,"jetpack_social_post_already_shared":true,"jetpack_social_options":{"image_generator_settings":{"template":"highway","default_image_id":0,"font":"","enabled":false},"version":2}},"pwb-brand":[812,570],"product_brand":[],"product_cat":[299],"product_tag":[2097,80,98,2309,2310,302],"class_list":{"0":"post-10438","1":"product","2":"type-product","3":"status-publish","4":"has-post-thumbnail","6":"pwb-brand-foxa","7":"pwb-brand-mildot","8":"product_cat-ampumatuet","9":"product_tag-ampumatukipussi","10":"product_tag-m05","11":"product_tag-mildot","12":"product_tag-perapussi","13":"product_tag-tarkka-ampujan-tukipussi","14":"product_tag-tukipussi","16":"entry","17":"has-media","19":"first","20":"instock","21":"taxable","22":"shipping-taxable","23":"purchasable","24":"product-type-variable","25":"has-default-attributes","26":"has-product-nav","27":"col","28":"span_1_of_4","29":"owp-content-center","30":"owp-thumbs-layout-horizontal","31":"owp-btn-normal","32":"owp-tabs-layout-horizontal"},"jetpack_publicize_connections":[],"jetpack_sharing_enabled":true,"brands":[{"id":812,"name":"Foxa","slug":"foxa"},{"id":570,"name":"Mildot","slug":"mildot"}],"_links":{"self":[{"href":"https:\/\/mildot.fi\/index.php\/wp-json\/wp\/v2\/product\/10438","targetHints":{"allow":["GET"]}}],"collection":[{"href":"https:\/\/mildot.fi\/index.php\/wp-json\/wp\/v2\/product"}],"about":[{"href":"https:\/\/mildot.fi\/index.php\/wp-json\/wp\/v2\/types\/product"}],"replies":[{"embeddable":true,"href":"https:\/\/mildot.fi\/index.php\/wp-json\/wp\/v2\/comments?post=10438"}],"wp:featuredmedia":[{"embeddable":true,"href":"https:\/\/mildot.fi\/index.php\/wp-json\/wp\/v2\/media\/10432"}],"wp:attachment":[{"href":"https:\/\/mildot.fi\/index.php\/wp-json\/wp\/v2\/media?parent=10438"}],"wp:term":[{"taxonomy":"pwb-brand","embeddable":true,"href":"https:\/\/mildot.fi\/index.php\/wp-json\/wp\/v2\/pwb-brand?post=10438"},{"taxonomy":"product_brand","embeddable":true,"href":"https:\/\/mildot.fi\/index.php\/wp-json\/wp\/v2\/product_brand?post=10438"},{"taxonomy":"product_cat","embeddable":true,"href":"https:\/\/mildot.fi\/index.php\/wp-json\/wp\/v2\/product_cat?post=10438"},{"taxonomy":"product_tag","embeddable":true,"href":"https:\/\/mildot.fi\/index.php\/wp-json\/wp\/v2\/product_tag?post=10438"}],"curies":[{"name":"wp","href":"https:\/\/api.w.org\/{rel}","templated":true}]}}