{"id":10333,"date":"2022-05-06T09:33:47","date_gmt":"2022-05-06T07:33:47","guid":{"rendered":"https:\/\/mildot.fi\/?post_type=product&#038;p=10333"},"modified":"2025-10-08T14:13:37","modified_gmt":"2025-10-08T12:13:37","slug":"vortex_strike_eagle_1-8x24_ffp","status":"publish","type":"product","link":"https:\/\/mildot.fi\/index.php\/product\/vortex_strike_eagle_1-8x24_ffp\/","title":{"rendered":"Vortex Strike Eagle 1-8&#215;24 EBR-8 FFP MOA"},"content":{"rendered":"<p>OPTICAL FEATURES<br \/>\nIlluminated Reticle Provides precise aiming under low-light conditions<br \/>\nFully Multi-Coated Increase light transmission with multiple anti-reflective coatings on all air-to-glass surfaces.<br \/>\nFirst Focal Plane Reticle Scale of reticle remains in proportion to the zoomed image. Constant subtensions allow accurate holdover and ranging at all magnifications.<br \/>\nGlass-Etched Reticle Allows for intricate reticle design. Protected between two layers of glass for optimum durability and reliability.<\/p>\n<p>ArmorTek \u00ae Ultra-hard, scratch-resistant coating protects exterior lenses from scratches, oil and dirt.<br \/>\nShockproof Rugged construction withstands recoil and impact.<br \/>\nWaterproof O-ring seals prevent moisture, dust and debris from penetrating the binocular for reliable performance in all environments.<br \/>\nFogproof Nitrogen gas purging prevents internal fogging over a wide range of temperatures.<br \/>\nLow-Glare Matte Black Anodized Corrosion and wear resistant anodization provides low-glare matte surface and helps camouflage the shooter&#8217;s position.<br \/>\nAircraft-Grade Aluminum Constructed from a solid block of aircraft-grade aluminum for strength and rigidity.<br \/>\nSingle-Piece Tube Maximizes alignment for improved accuracy and optimum visual performance, as well as ensures strength and waterproofness.<\/p>\n<p>Fast Focus Eyepiece Allows quick and easy reticle focusing.<br \/>\nThrow Lever The included throw lever can be installed for quick and easy magnification adjustments.<\/p>\n<p><img data-recalc-dims=\"1\" fetchpriority=\"high\" decoding=\"async\" class=\"wp-image-10334 size-full aligncenter\" src=\"https:\/\/i0.wp.com\/mildot.fi\/wp-content\/uploads\/2022\/05\/2022_strike_eagle_1-8x24ffp-rs.webp?resize=1200%2C450&#038;ssl=1\" alt=\"\" width=\"1200\" height=\"450\" srcset=\"https:\/\/i0.wp.com\/mildot.fi\/wp-content\/uploads\/2022\/05\/2022_strike_eagle_1-8x24ffp-rs.webp?w=1920&amp;ssl=1 1920w, https:\/\/i0.wp.com\/mildot.fi\/wp-content\/uploads\/2022\/05\/2022_strike_eagle_1-8x24ffp-rs.webp?resize=300%2C113&amp;ssl=1 300w, https:\/\/i0.wp.com\/mildot.fi\/wp-content\/uploads\/2022\/05\/2022_strike_eagle_1-8x24ffp-rs.webp?resize=1024%2C384&amp;ssl=1 1024w, https:\/\/i0.wp.com\/mildot.fi\/wp-content\/uploads\/2022\/05\/2022_strike_eagle_1-8x24ffp-rs.webp?resize=768%2C288&amp;ssl=1 768w, https:\/\/i0.wp.com\/mildot.fi\/wp-content\/uploads\/2022\/05\/2022_strike_eagle_1-8x24ffp-rs.webp?resize=1536%2C576&amp;ssl=1 1536w, https:\/\/i0.wp.com\/mildot.fi\/wp-content\/uploads\/2022\/05\/2022_strike_eagle_1-8x24ffp-rs.webp?resize=700%2C263&amp;ssl=1 700w\" sizes=\"(max-width: 1200px) 100vw, 1200px\" \/><\/p>\n<p>EBR-8 RETICLE<\/p>\n<p>Our exclusive EBR-8 MOA first focal plane, glass-etched, illuminated reticle facilitates rapid shooting from point blank out to 600 yards with popular .223\/5.56mm and .308\/7.62mm loads. This reticle also can be used with a wide variety of other calibers and loads using the BDC hashmarks.<\/p>\n<p><img data-recalc-dims=\"1\" decoding=\"async\" class=\"wp-image-10335 size-full aligncenter\" src=\"https:\/\/i0.wp.com\/mildot.fi\/wp-content\/uploads\/2022\/05\/strike_eagle_1-8x24_ffp_reticle.jpg?resize=917%2C556&#038;ssl=1\" alt=\"\" width=\"917\" height=\"556\" srcset=\"https:\/\/i0.wp.com\/mildot.fi\/wp-content\/uploads\/2022\/05\/strike_eagle_1-8x24_ffp_reticle.jpg?w=917&amp;ssl=1 917w, https:\/\/i0.wp.com\/mildot.fi\/wp-content\/uploads\/2022\/05\/strike_eagle_1-8x24_ffp_reticle.jpg?resize=300%2C182&amp;ssl=1 300w, https:\/\/i0.wp.com\/mildot.fi\/wp-content\/uploads\/2022\/05\/strike_eagle_1-8x24_ffp_reticle.jpg?resize=768%2C466&amp;ssl=1 768w, https:\/\/i0.wp.com\/mildot.fi\/wp-content\/uploads\/2022\/05\/strike_eagle_1-8x24_ffp_reticle.jpg?resize=700%2C424&amp;ssl=1 700w\" sizes=\"(max-width: 917px) 100vw, 917px\" \/><\/p>\n<p>Included in the Box<\/p>\n<p>Throw Lever<br \/>\nFlip Caps<br \/>\nLens Cloth<br \/>\nSunshade<br \/>\nCR2032 Battery<br \/>\n2mm Hex Wrench<\/p>\n<p>Magnification 1-8x<br \/>\nObjective Lens Diameter 24 mm<br \/>\nEye Relief 3.9 inches<br \/>\nField of View 113.6-14.1 ft\/100 yds<br \/>\nTube Size 30 mm<br \/>\nTurret Style Capped<br \/>\nAdjustment Graduation 1\/4 MOA<br \/>\nTravel Per Rotation 25 MOA<br \/>\nMax Elevation Adjustment 145 MOA<br \/>\nMax Windage Adjustment 145 MOA<br \/>\nParallax Setting 125 yds<br \/>\nLength 10.4 inches<br \/>\nWeight 23.9 oz<br \/>\nProduct Manual (PDF) <a href=\"https:\/\/vortexoptics.widen.net\/view\/pdf\/ahiwjf2t85\/VTX_M-00319-0_WEB.pdf?t.download=true&amp;u=lfs1ye&amp;x.share=t\">Download<\/a><br \/>\nReticle Manual (PDF) <a href=\"https:\/\/vortexoptics.widen.net\/view\/pdf\/vvijcivuzj\/VTX_M-00320-0_WEB.pdf?t.download=true&amp;u=lfs1ye&amp;x.share=t\">Download<\/a><\/p>\n<p><img data-recalc-dims=\"1\" decoding=\"async\" class=\"alignnone size-full wp-image-10336\" src=\"https:\/\/i0.wp.com\/mildot.fi\/wp-content\/uploads\/2022\/05\/strike_eagle_1-8x24_ffp_size.jpg?resize=951%2C609&#038;ssl=1\" alt=\"\" width=\"951\" height=\"609\" srcset=\"https:\/\/i0.wp.com\/mildot.fi\/wp-content\/uploads\/2022\/05\/strike_eagle_1-8x24_ffp_size.jpg?w=951&amp;ssl=1 951w, https:\/\/i0.wp.com\/mildot.fi\/wp-content\/uploads\/2022\/05\/strike_eagle_1-8x24_ffp_size.jpg?resize=300%2C192&amp;ssl=1 300w, https:\/\/i0.wp.com\/mildot.fi\/wp-content\/uploads\/2022\/05\/strike_eagle_1-8x24_ffp_size.jpg?resize=768%2C492&amp;ssl=1 768w, https:\/\/i0.wp.com\/mildot.fi\/wp-content\/uploads\/2022\/05\/strike_eagle_1-8x24_ffp_size.jpg?resize=700%2C448&amp;ssl=1 700w\" sizes=\"(max-width: 951px) 100vw, 951px\" \/><\/p>\n<p>&nbsp;<\/p>\n<p>&nbsp;<\/p>\n<p class=\"responsive-video-wrap clr\"><iframe title=\"Strike Eagle\u00ae 1-8x24 FFP - Product Overview\" width=\"1200\" height=\"675\" src=\"https:\/\/www.youtube.com\/embed\/BPrEZhM8OAk?feature=oembed\" frameborder=\"0\" allow=\"accelerometer; autoplay; clipboard-write; encrypted-media; gyroscope; picture-in-picture; web-share\" referrerpolicy=\"strict-origin-when-cross-origin\" allowfullscreen><\/iframe><\/p>\n<p>&nbsp;<\/p>\n<p class=\"responsive-video-wrap clr\"><iframe title=\"Strike Eagle\u00ae 1-8x24 FFP vs Strike Eagle\u00ae 1-8x24 SFP vs Viper\u00ae PST Gen II 1-6x24 - FAQ\" width=\"1200\" height=\"675\" src=\"https:\/\/www.youtube.com\/embed\/POkscTjzBvw?feature=oembed\" frameborder=\"0\" allow=\"accelerometer; autoplay; clipboard-write; encrypted-media; gyroscope; picture-in-picture; web-share\" referrerpolicy=\"strict-origin-when-cross-origin\" allowfullscreen><\/iframe><\/p>\n<p>&nbsp;<\/p>\n<p class=\"responsive-video-wrap clr\"><iframe title=\"Strike Eagle\u00ae 1-8x24 FFP Riflescope -  UNBOXING\" width=\"1200\" height=\"675\" src=\"https:\/\/www.youtube.com\/embed\/7UfQo0qTpfU?feature=oembed\" frameborder=\"0\" allow=\"accelerometer; autoplay; clipboard-write; encrypted-media; gyroscope; picture-in-picture; web-share\" referrerpolicy=\"strict-origin-when-cross-origin\" allowfullscreen><\/iframe><\/p>\n","protected":false},"excerpt":{"rendered":"<p>The Strike Eagle\u00ae 1-8&#215;24 FFP gives you the accurate holdovers at any magnification you&#8217;ve been looking for in an LPVO, allowing you to dominate close quarters and stretch your effective range.<\/p>\n<p><span style=\"color: red;\"><strong>ILMAINEN RAHTI T\u00c4LLE TUOTTEELLE, K\u00c4YT\u00c4 ALENNUSKOODIA: RAHTI-STRIKE-EAGLE<\/strong><\/span><\/p>\n<p>&nbsp;<\/p>\n<p><span style=\"color: red;\">Please ask for a quote combining this riflescope with <a href=\"https:\/\/mildot.fi\/index.php\/product-category\/spuhr\/34mm-runkoputki-spuhr\/\">Spuhr ISMS mounts<\/a><\/span>. This is the perfect setup for the demanding shooter that wants the best.<\/p>\n<p>Do you wonder how high scope mount you will need? Try our <a href=\"https:\/\/mildot.fi\/index.php\/mildot-ring-height-calculator\/\">scope mount height calculator, <\/a>feel free to call or email us if you still have any question<\/p>\n","protected":false},"featured_media":15218,"comment_status":"open","ping_status":"closed","template":"","meta":{"ocean_post_layout":"","ocean_both_sidebars_style":"","ocean_both_sidebars_content_width":0,"ocean_both_sidebars_sidebars_width":0,"ocean_sidebar":"0","ocean_second_sidebar":"0","ocean_disable_margins":"enable","ocean_add_body_class":"","ocean_shortcode_before_top_bar":"","ocean_shortcode_after_top_bar":"","ocean_shortcode_before_header":"","ocean_shortcode_after_header":"","ocean_has_shortcode":"","ocean_shortcode_after_title":"","ocean_shortcode_before_footer_widgets":"","ocean_shortcode_after_footer_widgets":"","ocean_shortcode_before_footer_bottom":"","ocean_shortcode_after_footer_bottom":"","ocean_display_top_bar":"default","ocean_display_header":"default","ocean_header_style":"","ocean_center_header_left_menu":"0","ocean_custom_header_template":"0","ocean_custom_logo":0,"ocean_custom_retina_logo":0,"ocean_custom_logo_max_width":0,"ocean_custom_logo_tablet_max_width":0,"ocean_custom_logo_mobile_max_width":0,"ocean_custom_logo_max_height":0,"ocean_custom_logo_tablet_max_height":0,"ocean_custom_logo_mobile_max_height":0,"ocean_header_custom_menu":"0","ocean_menu_typo_font_family":"0","ocean_menu_typo_font_subset":"","ocean_menu_typo_font_size":0,"ocean_menu_typo_font_size_tablet":0,"ocean_menu_typo_font_size_mobile":0,"ocean_menu_typo_font_size_unit":"px","ocean_menu_typo_font_weight":"","ocean_menu_typo_font_weight_tablet":"","ocean_menu_typo_font_weight_mobile":"","ocean_menu_typo_transform":"","ocean_menu_typo_transform_tablet":"","ocean_menu_typo_transform_mobile":"","ocean_menu_typo_line_height":0,"ocean_menu_typo_line_height_tablet":0,"ocean_menu_typo_line_height_mobile":0,"ocean_menu_typo_line_height_unit":"","ocean_menu_typo_spacing":0,"ocean_menu_typo_spacing_tablet":0,"ocean_menu_typo_spacing_mobile":0,"ocean_menu_typo_spacing_unit":"","ocean_menu_link_color":"","ocean_menu_link_color_hover":"","ocean_menu_link_color_active":"","ocean_menu_link_background":"","ocean_menu_link_hover_background":"","ocean_menu_link_active_background":"","ocean_menu_social_links_bg":"","ocean_menu_social_hover_links_bg":"","ocean_menu_social_links_color":"","ocean_menu_social_hover_links_color":"","ocean_disable_title":"default","ocean_disable_heading":"default","ocean_post_title":"","ocean_post_subheading":"","ocean_post_title_style":"","ocean_post_title_background_color":"","ocean_post_title_background":0,"ocean_post_title_bg_image_position":"","ocean_post_title_bg_image_attachment":"","ocean_post_title_bg_image_repeat":"","ocean_post_title_bg_image_size":"","ocean_post_title_height":0,"ocean_post_title_bg_overlay":0.5,"ocean_post_title_bg_overlay_color":"","ocean_disable_breadcrumbs":"default","ocean_breadcrumbs_color":"","ocean_breadcrumbs_separator_color":"","ocean_breadcrumbs_links_color":"","ocean_breadcrumbs_links_hover_color":"","ocean_display_footer_widgets":"default","ocean_display_footer_bottom":"default","ocean_custom_footer_template":"0","jetpack_publicize_message":"","jetpack_publicize_feature_enabled":true,"jetpack_social_post_already_shared":true,"jetpack_social_options":{"image_generator_settings":{"template":"highway","default_image_id":0,"font":"","enabled":false},"version":2}},"pwb-brand":[543],"product_brand":[],"product_cat":[18,17,126],"product_tag":[2439,314,187,830,20],"class_list":{"0":"post-10333","1":"product","2":"type-product","3":"status-publish","4":"has-post-thumbnail","6":"pwb-brand-vortex","7":"product_cat-kiikaritahtaimet","8":"product_cat-optiikka","9":"product_cat-vortex-optics","10":"product_tag-1-8x24","11":"product_tag-ffp","12":"product_tag-moa","13":"product_tag-strike-eagle","14":"product_tag-vortex","16":"entry","17":"has-media","19":"first","20":"instock","21":"taxable","22":"shipping-taxable","23":"purchasable","24":"product-type-simple","25":"has-product-nav","26":"col","27":"span_1_of_4","28":"owp-content-center","29":"owp-thumbs-layout-horizontal","30":"owp-btn-normal","31":"owp-tabs-layout-horizontal"},"jetpack_publicize_connections":[],"jetpack_sharing_enabled":true,"brands":[{"id":543,"name":"Vortex","slug":"vortex"}],"_links":{"self":[{"href":"https:\/\/mildot.fi\/index.php\/wp-json\/wp\/v2\/product\/10333","targetHints":{"allow":["GET"]}}],"collection":[{"href":"https:\/\/mildot.fi\/index.php\/wp-json\/wp\/v2\/product"}],"about":[{"href":"https:\/\/mildot.fi\/index.php\/wp-json\/wp\/v2\/types\/product"}],"replies":[{"embeddable":true,"href":"https:\/\/mildot.fi\/index.php\/wp-json\/wp\/v2\/comments?post=10333"}],"wp:featuredmedia":[{"embeddable":true,"href":"https:\/\/mildot.fi\/index.php\/wp-json\/wp\/v2\/media\/15218"}],"wp:attachment":[{"href":"https:\/\/mildot.fi\/index.php\/wp-json\/wp\/v2\/media?parent=10333"}],"wp:term":[{"taxonomy":"pwb-brand","embeddable":true,"href":"https:\/\/mildot.fi\/index.php\/wp-json\/wp\/v2\/pwb-brand?post=10333"},{"taxonomy":"product_brand","embeddable":true,"href":"https:\/\/mildot.fi\/index.php\/wp-json\/wp\/v2\/product_brand?post=10333"},{"taxonomy":"product_cat","embeddable":true,"href":"https:\/\/mildot.fi\/index.php\/wp-json\/wp\/v2\/product_cat?post=10333"},{"taxonomy":"product_tag","embeddable":true,"href":"https:\/\/mildot.fi\/index.php\/wp-json\/wp\/v2\/product_tag?post=10333"}],"curies":[{"name":"wp","href":"https:\/\/api.w.org\/{rel}","templated":true}]}}