{"id":3,"date":"2019-03-11T14:33:25","date_gmt":"2019-03-11T14:33:25","guid":{"rendered":"https:\/\/mildot.fi\/?page_id=3"},"modified":"2019-03-15T08:48:58","modified_gmt":"2019-03-15T06:48:58","slug":"privacy-policy","status":"publish","type":"page","link":"https:\/\/mildot.fi\/index.php\/privacy-policy\/","title":{"rendered":"Privacy Policy"},"content":{"rendered":"\t\t<div data-elementor-type=\"wp-post\" data-elementor-id=\"3\" class=\"elementor elementor-3\">\n\t\t\t\t\t\t<section class=\"elementor-section elementor-top-section elementor-element elementor-element-7528d2c3 elementor-section-boxed elementor-section-height-default elementor-section-height-default\" data-id=\"7528d2c3\" data-element_type=\"section\" data-e-type=\"section\">\n\t\t\t\t\t\t<div class=\"elementor-container elementor-column-gap-default\">\n\t\t\t\t\t<div class=\"elementor-column elementor-col-100 elementor-top-column elementor-element elementor-element-da85c40\" data-id=\"da85c40\" data-element_type=\"column\" data-e-type=\"column\">\n\t\t\t<div class=\"elementor-widget-wrap\">\n\t\t\t\t\t\t\t<\/div>\n\t\t<\/div>\n\t\t\t\t\t<\/div>\n\t\t<\/section>\n\t\t\t\t<section class=\"elementor-section elementor-top-section elementor-element elementor-element-8bc14fe elementor-section-boxed elementor-section-height-default elementor-section-height-default\" data-id=\"8bc14fe\" data-element_type=\"section\" data-e-type=\"section\">\n\t\t\t\t\t\t<div class=\"elementor-container elementor-column-gap-default\">\n\t\t\t\t\t<div class=\"elementor-column elementor-col-100 elementor-top-column elementor-element elementor-element-eb592e2\" data-id=\"eb592e2\" data-element_type=\"column\" data-e-type=\"column\">\n\t\t\t<div class=\"elementor-widget-wrap elementor-element-populated\">\n\t\t\t\t\t\t<div class=\"elementor-element elementor-element-a9d4427 elementor-widget elementor-widget-text-editor\" data-id=\"a9d4427\" data-element_type=\"widget\" data-e-type=\"widget\" data-widget_type=\"text-editor.default\">\n\t\t\t\t<div class=\"elementor-widget-container\">\n\t\t\t\t\t\t\t\t\t<p style=\"margin-bottom: 0in;\">Cookies<\/p>\n<p style=\"margin-bottom: 0in;\">T\u00e4ll\u00e4 verkkosivustolla k\u00e4ytet\u00e4\u00e4n ev\u00e4steit\u00e4 sivuston k\u00e4ytt\u00e4j\u00e4kokemuksen parantamiseksi. Mik\u00e4li jatkat verkkosivuston k\u00e4ytt\u00f6\u00e4 muuttamatta ev\u00e4steasetuksiasi, hyv\u00e4ksyt ev\u00e4steidemme k\u00e4yt\u00f6n. Emme tallenna henkil\u00f6kohtaisia tietoja ev\u00e4steiden avulla emmek\u00e4 voi j\u00e4ljitt\u00e4\u00e4 k\u00e4ytt\u00e4j\u00e4tietojasi ev\u00e4steiden kautta. Lis\u00e4tietoja k\u00e4ytt\u00e4mist\u00e4mme ev\u00e4steist\u00e4 sek\u00e4 asetusten muuttamisesta on ev\u00e4stek\u00e4yt\u00e4nn\u00f6ss\u00e4mme t\u00e4\u00e4ll\u00e4 alla.<\/p><br>\n<p style=\"margin-bottom: 0in;\"><\/p>\n\n\n&nbsp;\n\nEv\u00e4steiden k\u00e4ytt\u00f6<br>\n<br>\n\nVerkkosivustomme k\u00e4ytt\u00e4\u00e4 ev\u00e4steit\u00e4 (cookies). Ev\u00e4ste on kirjaimia ja numeroita sis\u00e4lt\u00e4v\u00e4 pieni tiedosto, jonka tallennamme tietokoneeseesi, mik\u00e4li sallit sen. Ev\u00e4steet auttavat meit\u00e4 erottamaan sinut muista sivustollamme k\u00e4vij\u00f6ist\u00e4, antamaan sinulle parhaan mahdollisen kokemuksen selatessasi sivustoamme ja parantamaan toimintaamme.&lt;br&gt;<br>\n\nEv\u00e4steet tekev\u00e4t k\u00e4ynnist\u00e4si verkkosivustollamme miellytt\u00e4v\u00e4mp\u00e4\u00e4 seuraavilla tavoilla:<br>\n\n\u2022 Asetukset j\u00e4\u00e4v\u00e4t muistiin, joten sinun ei tarvitse m\u00e4\u00e4ritt\u00e4\u00e4 niit\u00e4 uudelleen siirtyess\u00e4si uudelle sivulle.<br>\n\u2022 Antamasi tiedot (esimerkiksi postinumero) j\u00e4\u00e4v\u00e4t muistiin, joten sinun ei tarvitse kirjoittaa niit\u00e4 uudelleen.<br>\n\u2022 Tapaasi k\u00e4ytt\u00e4\u00e4 verkkosivustoa analysoidaan, jotta sivusto toimisi paremmin juuri sinulle, l\u00f6yt\u00e4isit etsim\u00e4si helposti ja sivusto vastaisi sinun k\u00e4ytt\u00f6tarpeitasi.<br>\n\u2022 Mainontamme tehokkuutta mitataan.<br>\n<br>\n<b>2.Mit\u00e4 ev\u00e4steit\u00e4 k\u00e4yt\u00e4mme ja miten?<\/b><br>\n<br>\n<b>2.1\u00a0Sivuston k\u00e4yt\u00f6n mittaaminen<\/b><br>\n<b>\nGoogle Analytics<\/b><br>\n\nK\u00e4yt\u00e4mme Google Analytics ker\u00e4t\u00e4ksemme tietoja siit\u00e4, miten k\u00e4vij\u00e4t k\u00e4ytt\u00e4v\u00e4t t\u00e4t\u00e4 sivustoa. Ker\u00e4\u00e4mme tietoja varmistaaksemme, ett\u00e4 sivusto vastaa k\u00e4ytt\u00e4jien tarpeita, ja ymm\u00e4rt\u00e4\u00e4ksemme, mit\u00e4 osa-alueita voimme parantaa.<br>\n\nGoogle Analytics tallentaa tietoja siit\u00e4, mill\u00e4 sivuilla k\u00e4yt, kuinka kauan viivyt sivustolla, mit\u00e4 kautta tulit sivustolle ja mit\u00e4 linkkej\u00e4 klikkaat. Emme ker\u00e4\u00e4 tai tallenna nime\u00e4si tai osoitettasi, joten t\u00e4llaista tietoa ei voida k\u00e4ytt\u00e4\u00e4 henkil\u00f6llisyytesi selvitt\u00e4miseksi. Emme salli Googlen k\u00e4ytt\u00e4\u00e4 tai jakaa analyysidataamme.<br>\n<br>\nGoogle Analytics k\u00e4ytt\u00e4\u00e4 seuraavia ev\u00e4steit\u00e4:<br>\n\n_utma<br>\n_utmb<br>\n_utmc<br>\n_utmx<br>\n<br>\n<b>2.2 K\u00e4ytt\u00f6kokemuksen parantaminen <\/b><br>\n<br>\nSivustomme k\u00e4ytt\u00e4\u00e4 JavaScript-nimist\u00e4 tekniikkaa, joka helpottaa sivujen tekemist\u00e4 miellytt\u00e4v\u00e4mm\u00e4n n\u00e4k\u00f6isiksi. Sivusto tunnistaa, onko selaimesi JavaScript-tuki k\u00e4yt\u00f6ss\u00e4, ja k\u00e4ytt\u00e4\u00e4 sen j\u00e4lkeen t\u00e4m\u00e4n seikan vahvistavaa ev\u00e4stett\u00e4 sivustolla vierailusi ajan.<br>\n<br>\nK\u00e4yt\u00f6ss\u00e4 on seuraavat ev\u00e4steet:<br>\n<br>\nHas_js<br>\n<br>\n<b>2.3 S\u00e4hk\u00f6postimarkkinnoin kehitt\u00e4minen <\/b><br>\n<br>\nK\u00e4yt\u00e4mme ev\u00e4steit\u00e4 rekister\u00f6id\u00e4ksemme, mitataksemme ja kehitt\u00e4\u00e4ksemme asiakaskohtaista s\u00e4hk\u00f6postimarkkinointiamme. Mik\u00e4li olet valinnut, ett\u00e4 haluat vastaanottaa meilt\u00e4 s\u00e4hk\u00f6posteja, ev\u00e4steet:<br>\n\n\u2022 auttavat tunnistamaan sinut seuraavalla k\u00e4yntikerrallasi sivustollamme, joten sinun esimerkiksi ei tarvitse t\u00e4ytt\u00e4\u00e4 tietojasi uudestaan lomakkeisiin<br>\n\u2022 auttavat tunnistamaan sinut, jos vastaat l\u00e4hett\u00e4m\u00e4\u00e4mme s\u00e4hk\u00f6postiviestiin<br>\n\u2022 ymm\u00e4rt\u00e4v\u00e4t sinua eniten kiinnostavat kohteet verkkosivustollamme, joten voimme l\u00e4hett\u00e4\u00e4 s\u00e4hk\u00f6postitse juuri sinulle r\u00e4\u00e4t\u00e4l\u00f6ity\u00e4 sis\u00e4lt\u00f6\u00e4.<br>\n<table border=\"0\" width=\"100%\" cellspacing=\"0\" cellpadding=\"2\"><colgroup> <col width=\"47*\" \/> <col width=\"140*\" \/> <col width=\"69*\" \/> <\/colgroup>\n<tbody>\n<tr>\n<th colspan=\"3\" bgcolor=\"#e6e6e6\" width=\"100%\" height=\"45\">\n<p style=\"border: none; padding: 0in;\" align=\"LEFT\"><\/p>\n<\/th>\n<\/tr>\n<tr valign=\"TOP\">\n<td width=\"18%\" height=\"42\">\n<p style=\"margin-bottom: 0.2in; border: none; padding: 0in;\" align=\"LEFT\"><b>Nimi<\/b><\/p>\n<\/td>\n<td width=\"55%\">\n<p align=\"LEFT\">Tyypillinen sis\u00e4lt\u00f6<\/p>\n<\/td>\n<td width=\"27%\">\n<p style=\"margin-bottom: 0.2in;\" align=\"LEFT\"><b>Huomautus<\/b><\/p>\n<\/td>\n<\/tr>\n<tr valign=\"TOP\">\n<td width=\"18%\" height=\"42\">\n<p style=\"margin-bottom: 0.2in; border: none; padding: 0in;\" align=\"LEFT\"><b>ELOQUA Cookie<\/b><\/p>\n<\/td>\n<td width=\"55%\">\n<p align=\"LEFT\">Formaatti: eloqua.clientcode (esimerkiksi eloqua.122.2o7.net)<\/p>\n<\/td>\n<td width=\"27%\">\n<p style=\"margin-bottom: 0.2in;\" align=\"LEFT\"><b>Eloqua-ev\u00e4ste ei vanhene.<\/b><\/p>\n<\/td>\n<\/tr>\n<tr>\n<th bgcolor=\"#e6e6e6\" width=\"18%\" height=\"43\">\n<p style=\"border: none; padding: 0in;\" align=\"LEFT\"><\/p>\n<\/th>\n<th bgcolor=\"#e6e6e6\" width=\"55%\">\n<p align=\"LEFT\"><\/p>\n<\/th>\n<th bgcolor=\"#e6e6e6\" width=\"27%\">\n<p align=\"LEFT\"><\/p>\n<\/th>\n<\/tr>\n<\/tbody>\n<\/table><br>\n<b>3. N\u00e4in hallitset ev\u00e4steit\u00e4<\/b><br>\n\nJos jatkat vierailuasi t\u00e4ll\u00e4 sivustolla, hyv\u00e4ksyt ev\u00e4steidemme k\u00e4yt\u00f6n. Vaihtoehtoisesti voit seuraavaksi kuvatulla tavalla hallita, mitk\u00e4 ev\u00e4steet sallit t\u00e4lt\u00e4 sivustolta.<br>\n<br>\n<b>Selaimen asetukset:<\/b> Useimmissa selaimissa on mahdollisuus k\u00e4ytt\u00e4\u00e4 asetusta, joka est\u00e4\u00e4 tietokonettasi hyv\u00e4ksym\u00e4st\u00e4 ev\u00e4steit\u00e4. Silloin osa t\u00e4m\u00e4n sivuston (ja muiden sivustojen) toiminnoista ei v\u00e4ltt\u00e4m\u00e4tt\u00e4 toimi oikein, mik\u00e4 saattaa vaikuttaa haitallisesti sivuston k\u00e4ytt\u00f6kokemukseen.<br>\n<br>\nAsetus on tyypillisesti selaimen lis\u00e4asetusvalikossa (esimerkiksi &#8220;Options&#8221; tai &#8220;Preferences&#8221;). Seuraavista linkeist\u00e4 voi olla sinulle apua oikean asetuksen valinnassa. Voit lukea lis\u00e4tietoja my\u00f6s selaimesi ohjetiedoista (&#8220;Help&#8221;).<br>\n<br>\n\u2022 <a href=\"https:\/\/support.microsoft.com\/en-gb\/help\/17442\/windows-internet-explorer-delete-manage-cookies\" target=\"_blank\" rel=\"noopener\">Ev\u00e4steasetukset Internet Explorer -selaimessa<\/a><br>\n\u2022\u00a0<a href=\"https:\/\/privacy.microsoft.com\/en-us\/windows-10-microsoft-edge-and-privacy\">Cookie settings in Microsoft Edge<\/a><br>\n\u2022 <a href=\"http:\/\/support.mozilla.com\/en-US\/kb\/Cookies\" target=\"_blank\" rel=\"noopener\">Ev\u00e4steasetukset Firefox-selaimessa<\/a><br>\n\u2022 <a href=\"http:\/\/www.google.com\/support\/chrome\/bin\/answer.py?hl=en&amp;answer=95647\" target=\"_blank\" rel=\"noopener\">Ev\u00e4steasetukset Chrome-selaimessa<\/a><br>\n<br>\n<b>Anonyymien Google Analytics -ev\u00e4steiden est\u00e4minen:<\/b><br> Voit asentaa selaimeesi Google Analyticsin ohjelmalis\u00e4kkeen (&#8220;plug in&#8221;), joka est\u00e4\u00e4 verkkosivustoa l\u00e4hett\u00e4m\u00e4st\u00e4 sivustok\u00e4yntiisi liittyvi\u00e4 tietoja Google Analytics -ohjelmaan. Lis\u00e4tietoja saat t\u00e4\u00e4lt\u00e4:<br>\n\u2022 <a href=\"http:\/\/www.google.com\/intl\/en\/analytics\/privacyoverview.html\" target=\"_blank\" rel=\"noopener\">Google Analytics &amp; yksityisyydensuoja<\/a><br>\n<br>\n<b>Muita hy\u00f6dyllisi\u00e4 linkkej\u00e4<\/b><br>\n\nJos haluat lis\u00e4tietoja ev\u00e4steist\u00e4 ja niiden k\u00e4yt\u00f6st\u00e4 laajemmin, seuraavista sivustoista saattaa olla sinulle hy\u00f6ty\u00e4:<br>\n\u2022 <a href=\"http:\/\/www.aboutcookies.org\/\" target=\"_blank\" rel=\"noopener\">All About Cookies<\/a><u><\/u><br>\n\n\u2022<a href=\"http:www.youronlinechoices.com\/fi\/\" target=\"_blank\" rel=\"noopener\"> youronlinechoices.com\/fi\/<\/a>\n<p style=\"margin-bottom: 0in;\"><\/p>\t\t\t\t\t\t\t\t<\/div>\n\t\t\t\t<\/div>\n\t\t\t\t\t<\/div>\n\t\t<\/div>\n\t\t\t\t\t<\/div>\n\t\t<\/section>\n\t\t\t\t<\/div>\n\t\t","protected":false},"excerpt":{"rendered":"<p>Cookies T\u00e4ll\u00e4 verkkosivustolla k\u00e4ytet\u00e4\u00e4n ev\u00e4steit\u00e4 sivuston k\u00e4ytt\u00e4j\u00e4kokemuksen parantamiseksi. Mik\u00e4li jatkat verkkosivuston k\u00e4ytt\u00f6\u00e4 muuttamatta ev\u00e4steasetuksiasi, hyv\u00e4ksyt ev\u00e4steidemme k\u00e4yt\u00f6n. Emme tallenna henkil\u00f6kohtaisia tietoja ev\u00e4steiden avulla emmek\u00e4 voi j\u00e4ljitt\u00e4\u00e4 k\u00e4ytt\u00e4j\u00e4tietojasi ev\u00e4steiden kautta. Lis\u00e4tietoja k\u00e4ytt\u00e4mist\u00e4mme ev\u00e4steist\u00e4 sek\u00e4 asetusten muuttamisesta on ev\u00e4stek\u00e4yt\u00e4nn\u00f6ss\u00e4mme t\u00e4\u00e4ll\u00e4 alla. &nbsp; Ev\u00e4steiden k\u00e4ytt\u00f6 Verkkosivustomme k\u00e4ytt\u00e4\u00e4 ev\u00e4steit\u00e4 (cookies). Ev\u00e4ste on kirjaimia ja numeroita sis\u00e4lt\u00e4v\u00e4 pieni tiedosto, jonka [&hellip;]<\/p>\n","protected":false},"author":1,"featured_media":0,"parent":0,"menu_order":0,"comment_status":"closed","ping_status":"open","template":"","meta":{"ocean_post_layout":"","ocean_both_sidebars_style":"","ocean_both_sidebars_content_width":0,"ocean_both_sidebars_sidebars_width":0,"ocean_sidebar":"","ocean_second_sidebar":"","ocean_disable_margins":"enable","ocean_add_body_class":"","ocean_shortcode_before_top_bar":"","ocean_shortcode_after_top_bar":"","ocean_shortcode_before_header":"","ocean_shortcode_after_header":"","ocean_has_shortcode":"","ocean_shortcode_after_title":"","ocean_shortcode_before_footer_widgets":"","ocean_shortcode_after_footer_widgets":"","ocean_shortcode_before_footer_bottom":"","ocean_shortcode_after_footer_bottom":"","ocean_display_top_bar":"default","ocean_display_header":"default","ocean_header_style":"","ocean_center_header_left_menu":"","ocean_custom_header_template":"","ocean_custom_logo":0,"ocean_custom_retina_logo":0,"ocean_custom_logo_max_width":0,"ocean_custom_logo_tablet_max_width":0,"ocean_custom_logo_mobile_max_width":0,"ocean_custom_logo_max_height":0,"ocean_custom_logo_tablet_max_height":0,"ocean_custom_logo_mobile_max_height":0,"ocean_header_custom_menu":"","ocean_menu_typo_font_family":"","ocean_menu_typo_font_subset":"","ocean_menu_typo_font_size":0,"ocean_menu_typo_font_size_tablet":0,"ocean_menu_typo_font_size_mobile":0,"ocean_menu_typo_font_size_unit":"px","ocean_menu_typo_font_weight":"","ocean_menu_typo_font_weight_tablet":"","ocean_menu_typo_font_weight_mobile":"","ocean_menu_typo_transform":"","ocean_menu_typo_transform_tablet":"","ocean_menu_typo_transform_mobile":"","ocean_menu_typo_line_height":0,"ocean_menu_typo_line_height_tablet":0,"ocean_menu_typo_line_height_mobile":0,"ocean_menu_typo_line_height_unit":"","ocean_menu_typo_spacing":0,"ocean_menu_typo_spacing_tablet":0,"ocean_menu_typo_spacing_mobile":0,"ocean_menu_typo_spacing_unit":"","ocean_menu_link_color":"","ocean_menu_link_color_hover":"","ocean_menu_link_color_active":"","ocean_menu_link_background":"","ocean_menu_link_hover_background":"","ocean_menu_link_active_background":"","ocean_menu_social_links_bg":"","ocean_menu_social_hover_links_bg":"","ocean_menu_social_links_color":"","ocean_menu_social_hover_links_color":"","ocean_disable_title":"default","ocean_disable_heading":"default","ocean_post_title":"","ocean_post_subheading":"","ocean_post_title_style":"","ocean_post_title_background_color":"","ocean_post_title_background":0,"ocean_post_title_bg_image_position":"","ocean_post_title_bg_image_attachment":"","ocean_post_title_bg_image_repeat":"","ocean_post_title_bg_image_size":"","ocean_post_title_height":0,"ocean_post_title_bg_overlay":0.5,"ocean_post_title_bg_overlay_color":"","ocean_disable_breadcrumbs":"default","ocean_breadcrumbs_color":"","ocean_breadcrumbs_separator_color":"","ocean_breadcrumbs_links_color":"","ocean_breadcrumbs_links_hover_color":"","ocean_display_footer_widgets":"default","ocean_display_footer_bottom":"default","ocean_custom_footer_template":"","footnotes":""},"class_list":["post-3","page","type-page","status-publish","hentry","entry","owp-thumbs-layout-horizontal","owp-btn-normal","owp-tabs-layout-horizontal","has-no-thumbnails","has-product-nav"],"jetpack_sharing_enabled":true,"_links":{"self":[{"href":"https:\/\/mildot.fi\/index.php\/wp-json\/wp\/v2\/pages\/3","targetHints":{"allow":["GET"]}}],"collection":[{"href":"https:\/\/mildot.fi\/index.php\/wp-json\/wp\/v2\/pages"}],"about":[{"href":"https:\/\/mildot.fi\/index.php\/wp-json\/wp\/v2\/types\/page"}],"author":[{"embeddable":true,"href":"https:\/\/mildot.fi\/index.php\/wp-json\/wp\/v2\/users\/1"}],"replies":[{"embeddable":true,"href":"https:\/\/mildot.fi\/index.php\/wp-json\/wp\/v2\/comments?post=3"}],"version-history":[{"count":7,"href":"https:\/\/mildot.fi\/index.php\/wp-json\/wp\/v2\/pages\/3\/revisions"}],"predecessor-version":[{"id":174,"href":"https:\/\/mildot.fi\/index.php\/wp-json\/wp\/v2\/pages\/3\/revisions\/174"}],"wp:attachment":[{"href":"https:\/\/mildot.fi\/index.php\/wp-json\/wp\/v2\/media?parent=3"}],"curies":[{"name":"wp","href":"https:\/\/api.w.org\/{rel}","templated":true}]}}