{"id":2,"date":"2019-03-11T14:33:25","date_gmt":"2019-03-11T14:33:25","guid":{"rendered":"https:\/\/mildot.fi\/?page_id=2"},"modified":"2025-05-23T10:28:47","modified_gmt":"2025-05-23T08:28:47","slug":"mildot-kaupan-kayttoehdot","status":"publish","type":"page","link":"https:\/\/mildot.fi\/index.php\/mildot-kaupan-kayttoehdot\/","title":{"rendered":"K\u00e4ytt\u00f6ehdot"},"content":{"rendered":"\t\t<div data-elementor-type=\"wp-page\" data-elementor-id=\"2\" class=\"elementor elementor-2\">\n\t\t\t\t\t\t<section class=\"elementor-section elementor-top-section elementor-element elementor-element-3680cb37 elementor-section-boxed elementor-section-height-default elementor-section-height-default\" data-id=\"3680cb37\" data-element_type=\"section\" data-e-type=\"section\">\n\t\t\t\t\t\t<div class=\"elementor-container elementor-column-gap-default\">\n\t\t\t\t\t<div class=\"elementor-column elementor-col-100 elementor-top-column elementor-element elementor-element-22f62ef3\" data-id=\"22f62ef3\" data-element_type=\"column\" data-e-type=\"column\">\n\t\t\t<div class=\"elementor-widget-wrap elementor-element-populated\">\n\t\t\t\t\t\t<div class=\"elementor-element elementor-element-d2cec84 elementor-widget elementor-widget-text-editor\" data-id=\"d2cec84\" data-element_type=\"widget\" data-e-type=\"widget\" data-widget_type=\"text-editor.default\">\n\t\t\t\t<div class=\"elementor-widget-container\">\n\t\t\t\t\t\t\t\t\t<table border=\"0\" width=\"100%\" cellspacing=\"0\" cellpadding=\"0\">\n<colgroup>\n<col width=\"256*\"> <\/colgroup>\n<tbody>\n<tr>\n<td width=\"100%\">\n<h3>1. Rekister\u00f6ityminen<\/h3>\n<p>1.1. Tilauksen tekeminen edellytt\u00e4\u00e4 rekister\u00f6itymist\u00e4 ja ett\u00e4 asiakkaan tulee olla t\u00e4ysi-ik\u00e4inen luonnollinen ja t\u00e4ysivaltainen henkil\u00f6. Ensimm\u00e4isen tilauksen yhteydess\u00e4 kuluttajan tulee:<br>a) rekister\u00f6ity\u00e4 kuluttajana MILDOT asiakasrekisteriin ilmoittamalla nimens\u00e4 sek\u00e4 muut pakolliset tiedot.<br>b) Antaa suostumuksensa, ett\u00e4 MILDOTrekister\u00f6i henkil\u00f6tiedot asiakasrekisteriins\u00e4. MilDotin asiakastiedot ovat luottamuksellisia. MILDOT sitoutuu olemaan luovuttamatta asiakastietoja.<br>1.2. Kuluttajan tulee noudattaa tarkkaavaisuutta ja huolellisuutta verkkokauppaa k\u00e4ytt\u00e4ess\u00e4\u00e4n.<br>1.3. My\u00f6s oikeushenkil\u00f6 eli yritys voi olla asiakas, mutta t\u00e4ll\u00f6in asiakkaalla ei ole kuluttaja-asiakkaille tarkoitettuja oikeuksia kuten tuotteen palautusoikeus sopimusehtojen mukaisesti. Sama koskee tilannetta, jossa palvelusta ostettua tuotetta k\u00e4ytet\u00e4\u00e4n elinkeinotoiminnassa. Asiakas vastaa palveluntarjoajalle antamiensa tietojen oikeellisuudesta.<\/p>\n<p>Palveluntarjoajalla on oikeus ev\u00e4t\u00e4 rekister\u00f6ityminen ja oikeus tarvittaessa sulkea asiakkaan k\u00e4ytt\u00e4j\u00e4tunnus.<\/p>\n<h3>2. Tilauksen sitovuus<\/h3>\n<p>2.1. Yhteydenpito osapuolten v\u00e4lill\u00e4 tapahtuu joko s\u00e4hk\u00f6postitse, kirjeitse tai puhelimitse (050-554 77 80). Kuluttaja sitoutuu tilauksensa tehty\u00e4\u00e4n tarkkailemaan s\u00e4hk\u00f6postiaan tilausvahvistuksen vastaanottamiseksi.<br>2.2. Sitova kauppasopimus tulee voimaan, kun MILDOT on s\u00e4hk\u00f6postitse l\u00e4hett\u00e4nyt tilausvahvistuksen.<br>2.3. Kuluttajalla on oikeus s\u00e4hk\u00f6postitse, kirjeitse tai puhelimitse ennen tilauksen toimitusta peruuttaa koko tilaus tai osia tilauksesta. Toimitus on tapahtunut, kun kuluttajalle on toimitettu osa tilauksesta tai ilmoitus, ett\u00e4 tilaus on noudettavissa postista. Poikkeuksena on tilauksesta valmistetutut tai erikseen tilatut tuotteet, joita emme voi hyvitt\u00e4\u00e4 tai ottaa vastaan.<\/p>\n<h3>3. Hinnat<\/h3>\n<p>3.1. Voimassaolevat hinnat l\u00f6ytyv\u00e4t MILDOT kotisivuilta osoitteessa <a href=\"https:\/\/mildot.fi\/\">mildot.fi<\/a>. Voimassaoleva hinta on euroissa (EUR) ja sis\u00e4lt\u00e4\u00e4 arvolis\u00e4veron (ALV). MILDOT pid\u00e4tt\u00e4\u00e4 oikeuden hinnanmuutoksiin.<br>3.2. Tilaukseen lis\u00e4t\u00e4\u00e4n toimituskulut. Toimituskulut l\u00f6ytyv\u00e4t <a href=\"https:\/\/mildot.fi\/index.php\/toimitusehdot\/\">toimitusehdoista<\/a>.<br>3.3. Toimtamme tilauksia melkein kaikkiin maihin. Kysy mielell\u00e4\u00e4n kuljetustarjousta. <br><\/p>\n<h3>4. Toimitus ja nouto<\/h3>\n<p>4.1. Mik\u00e4li tuote on varastossamme, arvioitu toimitusaika 1-3 ty\u00f6p\u00e4iv\u00e4\u00e4. Jos tuotesaatavuus on heikko tai viiv\u00e4styy niin ilmoitamme asiasta mahdollisemman nopeasti.<br>4.2. Mik\u00e4li tuote halutaan ehdottomasti tiettyyn p\u00e4iv\u00e4\u00e4n menness\u00e4, on siit\u00e4 mainittava erikseen, esim. tilauksen teon yhteydess\u00e4. MILDOT toimii toimituksen suhteen kuluttajien tarpeiden mukaisesti, mik\u00e4li se on kohtuudella mahdollista.<br>4.3. Tomitamme yleens\u00e4 tilaukset postitse, painavissa paketeissa voimme v\u00e4lill\u00e4 my\u00f6s k\u00e4ytt\u00e4\u00e4 muita kuljetusyrityksi\u00e4 .Tilauksen voi my\u00f6s noutaa meid\u00e4n kaupasta Kemi\u00f6ss\u00e4, silloin tilauksen ei tule mit\u00e4\u00e4n rahtikuluja. Soita meille sopiakseen ajankohdasta.<\/p>\n<h3>5. Tilaaminen ja Maksaminen<\/h3>\n<p>Maksu tapahtuu seuraavia maksutapoja k\u00e4ytt\u00e4en:<br>5.1 <span style=\"text-decoration: underline;\">Tilaus postitoimituksella<\/span>:<br>* Kun olet l\u00e4hett\u00e4nyt tilauksesi meille saat samantien tilausvahvistuksen s\u00e4hk\u00f6postitse.<br>* Kun tilauksesi on pakattu niin l\u00e4het\u00e4mme laskun s\u00e4hk\u00f6postitse josta l\u00f6yd\u00e4t tili- ja viittenumeron y.m.<br>* Maksuosoituksen kirjauduttua tilillemme, l\u00e4het\u00e4mme tilauksen v\u00e4litt\u00f6m\u00e4sti.<br>5.2. <span style=\"text-decoration: underline;\">Tilauksen nouto Espoosta<\/span>:<br>&nbsp;(pelkk\u00e4 tuotehinta = ei muita kuluja). Noin 2-3 viikon v\u00e4lein voit noutaa tilauksesi Espooon Tuomarilasta. Maksu suoritettaan ennakkon yrityksne tilille.<\/p>\n<h3>6. Palautukset<\/h3>\n<p>6.1. Kuluttajalla on oikeus palauttaa k\u00e4ytt\u00e4m\u00e4tt\u00f6m\u00e4t tuotteet 14 (nelj\u00e4ntoista) p\u00e4iv\u00e4n kuluessa tuotteen \/ tuotteiden vastaanottamisesta, vastaanottamisp\u00e4iv\u00e4 poislukien. Palautettavan tuotteen ja tuotepakkauksen tulee olla olennaisesti samassa kunnossa kuin sit\u00e4 vastaanotettaessa.<br>6.2. Kuluttajan toivotaan tekev\u00e4n palautusilmoitus s\u00e4hk\u00f6postitse osoitteeseen <a href=\"mailto:info@mildot.fi\">info@mildot.fi<\/a> ENNEN tuotteen palauttamista saadakseen palautusosoitteen ja viitekoodin.<br>6.3 Paketeista, jotka palauvat automaattisesti meille (jos j\u00e4t\u00e4t tilauksen noutamatta postista) veloitamme postituskulut molempiin suuntiin (postin hinnaston mukaan) + yhteens\u00e4 10\u20ac purku- ja laskutuslis\u00e4n\u00e4.<br>6.4. Jos palautatte tilauksenne tai osan siit\u00e4, palautamme teille kaikki teilt\u00e4 kyseisest\u00e4 tuotteesta\/tuotteista saamamme suoritukset, lukuunottamatta edullisimman toimitustapamme ylitt\u00e4v\u00e4\u00e4 summaa,viimeist\u00e4\u00e4n 14 p\u00e4iv\u00e4n kuluttua&nbsp; saatuamme tuotteet meille.<br>6.5. Teid\u00e4n on l\u00e4hetett\u00e4v\u00e4 tavarat takaisin tai luovutettava ne meille viivytyksett\u00e4 ja viimeist\u00e4\u00e4n 14 p\u00e4iv\u00e4n kuluttua l\u00e4hetyksen vastaanottamisesta. M\u00e4\u00e4r\u00e4aikaa on noudatettu, jos l\u00e4het\u00e4tte tavarat takaisin ennen kyseisen 14 p\u00e4iv\u00e4n m\u00e4\u00e4r\u00e4ajan p\u00e4\u00e4ttymist\u00e4.Voitte palauttaa tuotteet haluamallanne toimitustavalla. Emme vastaa palautuksesta aiheutuvista kustannuksista. Voitte palauttaa tuotteet my\u00f6s myym\u00e4l\u00e4\u00e4mme. Palautusosoitteen ja tarkemmat palautusohjeet saatte asiakaspalvelustamme peruuttamisilmoituksen tekemisen j\u00e4lkeen.<\/p>\n<h3>7. Kuljetuksessa rikkoutuneet l\u00e4hetykset<\/h3>\n<p>7.1. Toisinaan voi k\u00e4yd\u00e4 niin, ett\u00e4 huolellisesta pakkaamisesta huolimatta postikuljetuksen yhteydess\u00e4 paketit voivat vaurioitua. Siksi on hyv\u00e4 jo pakettia noudettaessa tarkistaa sen kunto postivirkailijan l\u00e4sn\u00e4ollessa. Mik\u00e4li paketti on vaurioitunut kuljetuksessa ja mik\u00e4li my\u00f6s tilattu tuote\/tuotteet ovat vaurioituneet, tee postikonttorissa heti asiasta vahinkoilmoitus. Ota t\u00e4m\u00e4n j\u00e4lkeen yhteytt\u00e4 asiakaspalveluumme jatkotoimenpiteiden selvitt\u00e4miseksi.<\/p>\n<h3>8. Reklamaatio<\/h3>\n<p>8.1. Mik\u00e4li kuluttajalle on toimitettu v\u00e4\u00e4r\u00e4 tuote, tai tuote on vaurioitunut kuljetuksessa, tulee kuluttajan ilmoittaa asiasta kohtuullisessa ajassa meille, mieluiten s\u00e4hk\u00f6postitse osoitteeseen <a href=\"mailto:info@mildot.fi\">info@mildot.fi<\/a><br>Palauttaminen tapahtuu reklamaation tekemisen j\u00e4lkeen. Saatuaan palautetun tuotteen, MILDOT palauttaa jo mahdollisesti maksetun kauppahinnan viipym\u00e4tt\u00e4 asiakkaalle.<br>8.2. Jos huomaat paketissa vaurion niin reklamoi se heti noutopisteessa, ilmoita my\u00f6s meille asiasta.<\/p>\n<h3>9. Ylivoimainen este (Force majeure)<\/h3>\n<p>9.1. MILDOT ei vastaa siit\u00e4, ett\u00e4 tilauksen toimitus estyy, vaikeutuu tai my\u00f6h\u00e4styy MilDotin vaikutusmahdollisuuksien ulkopuolella olevasta seikasta, kuten sodasta, luonnonmullistuksesta, vienti- tai tuontikiellosta, lakosta, viranomaisen p\u00e4\u00e4t\u00f6ksest\u00e4, yleisen liikenteen h\u00e4iriintymisest\u00e4 tai alle kolme vuotiaiden kakaroiden tuhoteoista tai muusta vastaavasta MilDotin toimintaa vaikeuttavasta tai est\u00e4v\u00e4st\u00e4 toiminnasta.<\/p>\n<h3>10. Riitojen ratkaisu<\/h3>\n<p>10.1. T\u00e4st\u00e4 et\u00e4kauppasopimuksesta aiheutuviin riitoihin ja erimielisyyksiin sovelletaan Suomen lakia.<br>10.2. T\u00e4st\u00e4 sopimuksesta johtuvat erimielisyydet ja riitaisuudet pyrit\u00e4\u00e4n ratkaisemaan osapuolten v\u00e4lisin neuvotteluin. Mik\u00e4li neuvottelu ei johda osapuolia tyydytt\u00e4v\u00e4\u00e4n tulokseen, ratkaistaan erimielisyydet Yogalife kotipaikan tuomioistuimessa.<\/p>\n<h3>Yksityisyys ja tietosuoja<\/h3>\n<ul>\n<li>MILDOT asiakastiedot ovat luottamuksellisia.<\/li>\n<li>MILDOT sitoutuu olemaan luovuttamatta asiakastietoja muille.<\/li>\n<li>Kuluttajan tulee noudattaa tarkkaavaisuutta ja huolellisuutta verkkokauppaa k\u00e4ytt\u00e4ess\u00e4\u00e4n.<\/li>\n<li>MILDOT<u> ei pyyd\u00e4 eik\u00e4 tallenna <\/u>kuluttajasta<br>a) syntym\u00e4aikaa tai henkil\u00f6tunnusta<br>b) pankkiyhteystietoja<br>c) luottokorttitietoja<\/li>\n<\/ul>\n<\/td>\n<\/tr>\n<\/tbody>\n<\/table>\t\t\t\t\t\t\t\t<\/div>\n\t\t\t\t<\/div>\n\t\t\t\t\t<\/div>\n\t\t<\/div>\n\t\t\t\t\t<\/div>\n\t\t<\/section>\n\t\t\t\t<section class=\"elementor-section elementor-top-section elementor-element elementor-element-3eeb512 elementor-section-boxed elementor-section-height-default elementor-section-height-default\" data-id=\"3eeb512\" data-element_type=\"section\" data-e-type=\"section\">\n\t\t\t\t\t\t<div class=\"elementor-container elementor-column-gap-default\">\n\t\t\t\t\t<div class=\"elementor-column elementor-col-100 elementor-top-column elementor-element elementor-element-a6c8d99\" data-id=\"a6c8d99\" data-element_type=\"column\" data-e-type=\"column\">\n\t\t\t<div class=\"elementor-widget-wrap\">\n\t\t\t\t\t\t\t<\/div>\n\t\t<\/div>\n\t\t\t\t\t<\/div>\n\t\t<\/section>\n\t\t\t\t<\/div>\n\t\t","protected":false},"excerpt":{"rendered":"<p>1. Rekister\u00f6ityminen 1.1. Tilauksen tekeminen edellytt\u00e4\u00e4 rekister\u00f6itymist\u00e4 ja ett\u00e4 asiakkaan tulee olla t\u00e4ysi-ik\u00e4inen luonnollinen ja t\u00e4ysivaltainen henkil\u00f6. Ensimm\u00e4isen tilauksen yhteydess\u00e4 kuluttajan tulee:a) rekister\u00f6ity\u00e4 kuluttajana MILDOT asiakasrekisteriin ilmoittamalla nimens\u00e4 sek\u00e4 muut pakolliset tiedot.b) Antaa suostumuksensa, ett\u00e4 MILDOTrekister\u00f6i henkil\u00f6tiedot asiakasrekisteriins\u00e4. MilDotin asiakastiedot ovat luottamuksellisia. MILDOT sitoutuu olemaan luovuttamatta asiakastietoja.1.2. Kuluttajan tulee noudattaa tarkkaavaisuutta ja huolellisuutta verkkokauppaa k\u00e4ytt\u00e4ess\u00e4\u00e4n.1.3. [&hellip;]<\/p>\n","protected":false},"author":1,"featured_media":0,"parent":0,"menu_order":0,"comment_status":"closed","ping_status":"open","template":"","meta":{"ocean_post_layout":"","ocean_both_sidebars_style":"","ocean_both_sidebars_content_width":0,"ocean_both_sidebars_sidebars_width":0,"ocean_sidebar":"0","ocean_second_sidebar":"0","ocean_disable_margins":"enable","ocean_add_body_class":"","ocean_shortcode_before_top_bar":"","ocean_shortcode_after_top_bar":"","ocean_shortcode_before_header":"","ocean_shortcode_after_header":"","ocean_has_shortcode":"","ocean_shortcode_after_title":"","ocean_shortcode_before_footer_widgets":"","ocean_shortcode_after_footer_widgets":"","ocean_shortcode_before_footer_bottom":"","ocean_shortcode_after_footer_bottom":"","ocean_display_top_bar":"default","ocean_display_header":"default","ocean_header_style":"","ocean_center_header_left_menu":"0","ocean_custom_header_template":"0","ocean_custom_logo":0,"ocean_custom_retina_logo":0,"ocean_custom_logo_max_width":0,"ocean_custom_logo_tablet_max_width":0,"ocean_custom_logo_mobile_max_width":0,"ocean_custom_logo_max_height":0,"ocean_custom_logo_tablet_max_height":0,"ocean_custom_logo_mobile_max_height":0,"ocean_header_custom_menu":"0","ocean_menu_typo_font_family":"0","ocean_menu_typo_font_subset":"","ocean_menu_typo_font_size":0,"ocean_menu_typo_font_size_tablet":0,"ocean_menu_typo_font_size_mobile":0,"ocean_menu_typo_font_size_unit":"px","ocean_menu_typo_font_weight":"","ocean_menu_typo_font_weight_tablet":"","ocean_menu_typo_font_weight_mobile":"","ocean_menu_typo_transform":"","ocean_menu_typo_transform_tablet":"","ocean_menu_typo_transform_mobile":"","ocean_menu_typo_line_height":0,"ocean_menu_typo_line_height_tablet":0,"ocean_menu_typo_line_height_mobile":0,"ocean_menu_typo_line_height_unit":"","ocean_menu_typo_spacing":0,"ocean_menu_typo_spacing_tablet":0,"ocean_menu_typo_spacing_mobile":0,"ocean_menu_typo_spacing_unit":"","ocean_menu_link_color":"","ocean_menu_link_color_hover":"","ocean_menu_link_color_active":"","ocean_menu_link_background":"","ocean_menu_link_hover_background":"","ocean_menu_link_active_background":"","ocean_menu_social_links_bg":"","ocean_menu_social_hover_links_bg":"","ocean_menu_social_links_color":"","ocean_menu_social_hover_links_color":"","ocean_disable_title":"default","ocean_disable_heading":"default","ocean_post_title":"","ocean_post_subheading":"","ocean_post_title_style":"","ocean_post_title_background_color":"","ocean_post_title_background":0,"ocean_post_title_bg_image_position":"","ocean_post_title_bg_image_attachment":"","ocean_post_title_bg_image_repeat":"","ocean_post_title_bg_image_size":"","ocean_post_title_height":0,"ocean_post_title_bg_overlay":0.5,"ocean_post_title_bg_overlay_color":"","ocean_disable_breadcrumbs":"default","ocean_breadcrumbs_color":"","ocean_breadcrumbs_separator_color":"","ocean_breadcrumbs_links_color":"","ocean_breadcrumbs_links_hover_color":"","ocean_display_footer_widgets":"default","ocean_display_footer_bottom":"default","ocean_custom_footer_template":"0","footnotes":""},"class_list":["post-2","page","type-page","status-publish","hentry","entry","owp-thumbs-layout-horizontal","owp-btn-normal","owp-tabs-layout-horizontal","has-no-thumbnails","has-product-nav"],"jetpack_sharing_enabled":true,"_links":{"self":[{"href":"https:\/\/mildot.fi\/index.php\/wp-json\/wp\/v2\/pages\/2","targetHints":{"allow":["GET"]}}],"collection":[{"href":"https:\/\/mildot.fi\/index.php\/wp-json\/wp\/v2\/pages"}],"about":[{"href":"https:\/\/mildot.fi\/index.php\/wp-json\/wp\/v2\/types\/page"}],"author":[{"embeddable":true,"href":"https:\/\/mildot.fi\/index.php\/wp-json\/wp\/v2\/users\/1"}],"replies":[{"embeddable":true,"href":"https:\/\/mildot.fi\/index.php\/wp-json\/wp\/v2\/comments?post=2"}],"version-history":[{"count":68,"href":"https:\/\/mildot.fi\/index.php\/wp-json\/wp\/v2\/pages\/2\/revisions"}],"predecessor-version":[{"id":15454,"href":"https:\/\/mildot.fi\/index.php\/wp-json\/wp\/v2\/pages\/2\/revisions\/15454"}],"wp:attachment":[{"href":"https:\/\/mildot.fi\/index.php\/wp-json\/wp\/v2\/media?parent=2"}],"curies":[{"name":"wp","href":"https:\/\/api.w.org\/{rel}","templated":true}]}}