{"id":14,"date":"2019-03-12T10:38:48","date_gmt":"2019-03-12T08:38:48","guid":{"rendered":"https:\/\/mildot.fi\/?page_id=14"},"modified":"2024-08-20T12:26:30","modified_gmt":"2024-08-20T10:26:30","slug":"mildot-yhteystiedot","status":"publish","type":"page","link":"https:\/\/mildot.fi\/index.php\/mildot-yhteystiedot\/","title":{"rendered":"Yhteystiedot"},"content":{"rendered":"\t\t<div data-elementor-type=\"wp-post\" data-elementor-id=\"14\" class=\"elementor elementor-14\">\n\t\t\t\t\t\t<section class=\"elementor-section elementor-top-section elementor-element elementor-element-486d971d elementor-section-boxed elementor-section-height-default elementor-section-height-default\" data-id=\"486d971d\" data-element_type=\"section\" data-e-type=\"section\">\n\t\t\t\t\t\t<div class=\"elementor-container elementor-column-gap-default\">\n\t\t\t\t\t<div class=\"elementor-column elementor-col-100 elementor-top-column elementor-element elementor-element-73dec66c\" data-id=\"73dec66c\" data-element_type=\"column\" data-e-type=\"column\">\n\t\t\t<div class=\"elementor-widget-wrap elementor-element-populated\">\n\t\t\t\t\t\t<div class=\"elementor-element elementor-element-3525733a elementor-widget elementor-widget-text-editor\" data-id=\"3525733a\" data-element_type=\"widget\" data-e-type=\"widget\" data-widget_type=\"text-editor.default\">\n\t\t\t\t<div class=\"elementor-widget-container\">\n\t\t\t\t\t\t\t\t\t<p><\/p>\n<p>email: info@mildot.fi<br \/>puh: +358-(0)50-554 77 80<\/p>\n<p>MILDOT Finland Oy<br \/>Valhallantie 3<br \/>25710 VRETA<br \/>FINLAND<\/p>\n<p>Y-tunnus: <span id=\"_ctl0_cphSisalto_rptYTunnusHistoria__ctl0_lblYTunnusMuutosSelite\">3328532-1<\/span><br \/><br \/><\/p>\n<p><b>We can also serve you in English.<br \/><\/b><\/p>\n<p><b>Vi betj\u00e4nar ocks\u00e5 p\u00e5 svenska.<\/b><\/p>\n<p><b>Tule katsomaan tuotteita tai noutamaan tilauksesi meid\u00e4n kaupasta:<\/b><\/p>\n<p>Olemme yleens\u00e4 avoinna ma-su ja klo 0700-2100. Soita kuitenkin ennen tuloasi sopiaksesi ajankohdasta niin pystymme palvelemaan paremmin. <br \/>V\u00e4lill\u00e4 olen p\u00e4iv\u00e4n- tai pari poissa kun k\u00e4yn m\u00f6kill\u00e4 tai melomassa, pyrin ilmoittamaan siit\u00e4 etusivullamme. Nettikauppa on aina avoinna 24\/7 mutta tuotteiden postittaminen voi veny\u00e4 kunnes olen taas paikalla.<br \/>Soita mielell\u00e4\u00e4n jos haluat kysell\u00e4 jotain lis\u00e4\u00e4.<\/p>\n<p>\u00a0<\/p>\n<p>\u00a0<\/p>\n<p><\/p>\n<p>\u00a0<\/p>\t\t\t\t\t\t\t\t<\/div>\n\t\t\t\t<\/div>\n\t\t\t\t\t<\/div>\n\t\t<\/div>\n\t\t\t\t\t<\/div>\n\t\t<\/section>\n\t\t\t\t<section class=\"elementor-section elementor-top-section elementor-element elementor-element-796731d elementor-section-boxed elementor-section-height-default elementor-section-height-default\" data-id=\"796731d\" data-element_type=\"section\" data-e-type=\"section\">\n\t\t\t\t\t\t<div class=\"elementor-container elementor-column-gap-default\">\n\t\t\t\t\t<div class=\"elementor-column elementor-col-100 elementor-top-column elementor-element elementor-element-8d1eaa2\" data-id=\"8d1eaa2\" data-element_type=\"column\" data-e-type=\"column\">\n\t\t\t<div class=\"elementor-widget-wrap elementor-element-populated\">\n\t\t\t\t\t\t<div class=\"elementor-element elementor-element-0196701 elementor-widget elementor-widget-google_maps\" data-id=\"0196701\" data-element_type=\"widget\" data-e-type=\"widget\" data-widget_type=\"google_maps.default\">\n\t\t\t\t<div class=\"elementor-widget-container\">\n\t\t\t\t\t\t\t<div class=\"elementor-custom-embed\">\n\t\t\t<iframe loading=\"lazy\"\n\t\t\t\t\tsrc=\"https:\/\/maps.google.com\/maps?q=Valhallantie%203%2C%2025710%20vreta&#038;t=m&#038;z=15&#038;output=embed&#038;iwloc=near\"\n\t\t\t\t\ttitle=\"Valhallantie 3, 25710 vreta\"\n\t\t\t\t\taria-label=\"Valhallantie 3, 25710 vreta\"\n\t\t\t><\/iframe>\n\t\t<\/div>\n\t\t\t\t\t\t<\/div>\n\t\t\t\t<\/div>\n\t\t\t\t\t<\/div>\n\t\t<\/div>\n\t\t\t\t\t<\/div>\n\t\t<\/section>\n\t\t\t\t<section class=\"elementor-section elementor-top-section elementor-element elementor-element-54d2470 elementor-section-boxed elementor-section-height-default elementor-section-height-default\" data-id=\"54d2470\" data-element_type=\"section\" data-e-type=\"section\">\n\t\t\t\t\t\t<div class=\"elementor-container elementor-column-gap-default\">\n\t\t\t\t\t<div class=\"elementor-column elementor-col-100 elementor-top-column elementor-element elementor-element-22e0c2c\" data-id=\"22e0c2c\" data-element_type=\"column\" data-e-type=\"column\">\n\t\t\t<div class=\"elementor-widget-wrap elementor-element-populated\">\n\t\t\t\t\t\t<div class=\"elementor-element elementor-element-0e36a1e elementor-widget elementor-widget-image\" data-id=\"0e36a1e\" data-element_type=\"widget\" data-e-type=\"widget\" data-widget_type=\"image.default\">\n\t\t\t\t<div class=\"elementor-widget-container\">\n\t\t\t\t\t\t\t\t\t\t\t\t\t\t\t<img fetchpriority=\"high\" decoding=\"async\" width=\"1024\" height=\"768\" src=\"https:\/\/i0.wp.com\/mildot.fi\/wp-content\/uploads\/2022\/12\/IMG_20221104_144520_1-scaled.jpg?fit=1024%2C768&amp;ssl=1\" class=\"attachment-large size-large wp-image-11126\" alt=\"\" srcset=\"https:\/\/i0.wp.com\/mildot.fi\/wp-content\/uploads\/2022\/12\/IMG_20221104_144520_1-scaled.jpg?w=2560&amp;ssl=1 2560w, https:\/\/i0.wp.com\/mildot.fi\/wp-content\/uploads\/2022\/12\/IMG_20221104_144520_1-scaled.jpg?resize=300%2C225&amp;ssl=1 300w, https:\/\/i0.wp.com\/mildot.fi\/wp-content\/uploads\/2022\/12\/IMG_20221104_144520_1-scaled.jpg?resize=1024%2C768&amp;ssl=1 1024w, https:\/\/i0.wp.com\/mildot.fi\/wp-content\/uploads\/2022\/12\/IMG_20221104_144520_1-scaled.jpg?resize=768%2C576&amp;ssl=1 768w, https:\/\/i0.wp.com\/mildot.fi\/wp-content\/uploads\/2022\/12\/IMG_20221104_144520_1-scaled.jpg?resize=1536%2C1152&amp;ssl=1 1536w, https:\/\/i0.wp.com\/mildot.fi\/wp-content\/uploads\/2022\/12\/IMG_20221104_144520_1-scaled.jpg?resize=2048%2C1536&amp;ssl=1 2048w, https:\/\/i0.wp.com\/mildot.fi\/wp-content\/uploads\/2022\/12\/IMG_20221104_144520_1-scaled.jpg?resize=700%2C525&amp;ssl=1 700w, https:\/\/i0.wp.com\/mildot.fi\/wp-content\/uploads\/2022\/12\/IMG_20221104_144520_1-scaled.jpg?w=2400&amp;ssl=1 2400w\" sizes=\"(max-width: 1024px) 100vw, 1024px\" \/>\t\t\t\t\t\t\t\t\t\t\t\t\t\t\t<\/div>\n\t\t\t\t<\/div>\n\t\t\t\t\t<\/div>\n\t\t<\/div>\n\t\t\t\t\t<\/div>\n\t\t<\/section>\n\t\t\t\t<\/div>\n\t\t","protected":false},"excerpt":{"rendered":"<p>email: info@mildot.fipuh: +358-(0)50-554 77 80 MILDOT Finland OyValhallantie 325710 VRETAFINLAND Y-tunnus: 3328532-1 We can also serve you in English. Vi betj\u00e4nar ocks\u00e5 p\u00e5 svenska. Tule katsomaan tuotteita tai noutamaan tilauksesi meid\u00e4n kaupasta: Olemme yleens\u00e4 avoinna ma-su ja klo 0700-2100. Soita kuitenkin ennen tuloasi sopiaksesi ajankohdasta niin pystymme palvelemaan paremmin. V\u00e4lill\u00e4 olen p\u00e4iv\u00e4n- tai pari poissa [&hellip;]<\/p>\n","protected":false},"author":1,"featured_media":0,"parent":0,"menu_order":0,"comment_status":"closed","ping_status":"closed","template":"","meta":{"ocean_post_layout":"","ocean_both_sidebars_style":"","ocean_both_sidebars_content_width":0,"ocean_both_sidebars_sidebars_width":0,"ocean_sidebar":"0","ocean_second_sidebar":"0","ocean_disable_margins":"enable","ocean_add_body_class":"","ocean_shortcode_before_top_bar":"","ocean_shortcode_after_top_bar":"","ocean_shortcode_before_header":"","ocean_shortcode_after_header":"","ocean_has_shortcode":"","ocean_shortcode_after_title":"","ocean_shortcode_before_footer_widgets":"","ocean_shortcode_after_footer_widgets":"","ocean_shortcode_before_footer_bottom":"","ocean_shortcode_after_footer_bottom":"","ocean_display_top_bar":"default","ocean_display_header":"default","ocean_header_style":"","ocean_center_header_left_menu":"0","ocean_custom_header_template":"0","ocean_custom_logo":0,"ocean_custom_retina_logo":0,"ocean_custom_logo_max_width":0,"ocean_custom_logo_tablet_max_width":0,"ocean_custom_logo_mobile_max_width":0,"ocean_custom_logo_max_height":0,"ocean_custom_logo_tablet_max_height":0,"ocean_custom_logo_mobile_max_height":0,"ocean_header_custom_menu":"0","ocean_menu_typo_font_family":"0","ocean_menu_typo_font_subset":"","ocean_menu_typo_font_size":0,"ocean_menu_typo_font_size_tablet":0,"ocean_menu_typo_font_size_mobile":0,"ocean_menu_typo_font_size_unit":"px","ocean_menu_typo_font_weight":"","ocean_menu_typo_font_weight_tablet":"","ocean_menu_typo_font_weight_mobile":"","ocean_menu_typo_transform":"","ocean_menu_typo_transform_tablet":"","ocean_menu_typo_transform_mobile":"","ocean_menu_typo_line_height":0,"ocean_menu_typo_line_height_tablet":0,"ocean_menu_typo_line_height_mobile":0,"ocean_menu_typo_line_height_unit":"","ocean_menu_typo_spacing":0,"ocean_menu_typo_spacing_tablet":0,"ocean_menu_typo_spacing_mobile":0,"ocean_menu_typo_spacing_unit":"","ocean_menu_link_color":"","ocean_menu_link_color_hover":"","ocean_menu_link_color_active":"","ocean_menu_link_background":"","ocean_menu_link_hover_background":"","ocean_menu_link_active_background":"","ocean_menu_social_links_bg":"","ocean_menu_social_hover_links_bg":"","ocean_menu_social_links_color":"","ocean_menu_social_hover_links_color":"","ocean_disable_title":"default","ocean_disable_heading":"default","ocean_post_title":"","ocean_post_subheading":"","ocean_post_title_style":"","ocean_post_title_background_color":"","ocean_post_title_background":0,"ocean_post_title_bg_image_position":"","ocean_post_title_bg_image_attachment":"","ocean_post_title_bg_image_repeat":"","ocean_post_title_bg_image_size":"","ocean_post_title_height":0,"ocean_post_title_bg_overlay":0.5,"ocean_post_title_bg_overlay_color":"","ocean_disable_breadcrumbs":"default","ocean_breadcrumbs_color":"","ocean_breadcrumbs_separator_color":"","ocean_breadcrumbs_links_color":"","ocean_breadcrumbs_links_hover_color":"","ocean_display_footer_widgets":"default","ocean_display_footer_bottom":"default","ocean_custom_footer_template":"0","footnotes":""},"class_list":["post-14","page","type-page","status-publish","hentry","entry","owp-thumbs-layout-horizontal","owp-btn-normal","owp-tabs-layout-horizontal","has-no-thumbnails","has-product-nav"],"jetpack_sharing_enabled":true,"_links":{"self":[{"href":"https:\/\/mildot.fi\/index.php\/wp-json\/wp\/v2\/pages\/14","targetHints":{"allow":["GET"]}}],"collection":[{"href":"https:\/\/mildot.fi\/index.php\/wp-json\/wp\/v2\/pages"}],"about":[{"href":"https:\/\/mildot.fi\/index.php\/wp-json\/wp\/v2\/types\/page"}],"author":[{"embeddable":true,"href":"https:\/\/mildot.fi\/index.php\/wp-json\/wp\/v2\/users\/1"}],"replies":[{"embeddable":true,"href":"https:\/\/mildot.fi\/index.php\/wp-json\/wp\/v2\/comments?post=14"}],"version-history":[{"count":53,"href":"https:\/\/mildot.fi\/index.php\/wp-json\/wp\/v2\/pages\/14\/revisions"}],"predecessor-version":[{"id":13951,"href":"https:\/\/mildot.fi\/index.php\/wp-json\/wp\/v2\/pages\/14\/revisions\/13951"}],"wp:attachment":[{"href":"https:\/\/mildot.fi\/index.php\/wp-json\/wp\/v2\/media?parent=14"}],"curies":[{"name":"wp","href":"https:\/\/api.w.org\/{rel}","templated":true}]}}