{"id":128,"date":"2019-03-14T11:58:20","date_gmt":"2019-03-14T09:58:20","guid":{"rendered":"https:\/\/mildot.fi\/?page_id=128"},"modified":"2022-12-13T13:13:48","modified_gmt":"2022-12-13T11:13:48","slug":"mildot-toimitusehdot","status":"publish","type":"page","link":"https:\/\/mildot.fi\/index.php\/mildot-toimitusehdot\/","title":{"rendered":"Toimitusehdot"},"content":{"rendered":"\t\t<div data-elementor-type=\"wp-post\" data-elementor-id=\"128\" class=\"elementor elementor-128\">\n\t\t\t\t\t\t<section class=\"elementor-section elementor-top-section elementor-element elementor-element-1c2fc1a elementor-section-boxed elementor-section-height-default elementor-section-height-default\" data-id=\"1c2fc1a\" data-element_type=\"section\" data-e-type=\"section\">\n\t\t\t\t\t\t<div class=\"elementor-container elementor-column-gap-default\">\n\t\t\t\t\t<div class=\"elementor-column elementor-col-100 elementor-top-column elementor-element elementor-element-a2369a0\" data-id=\"a2369a0\" data-element_type=\"column\" data-e-type=\"column\">\n\t\t\t<div class=\"elementor-widget-wrap\">\n\t\t\t\t\t\t\t<\/div>\n\t\t<\/div>\n\t\t\t\t\t<\/div>\n\t\t<\/section>\n\t\t\t\t<section class=\"elementor-section elementor-top-section elementor-element elementor-element-d357f1a elementor-section-boxed elementor-section-height-default elementor-section-height-default\" data-id=\"d357f1a\" data-element_type=\"section\" data-e-type=\"section\">\n\t\t\t\t\t\t<div class=\"elementor-container elementor-column-gap-default\">\n\t\t\t\t\t<div class=\"elementor-column elementor-col-100 elementor-top-column elementor-element elementor-element-d40db41\" data-id=\"d40db41\" data-element_type=\"column\" data-e-type=\"column\">\n\t\t\t<div class=\"elementor-widget-wrap elementor-element-populated\">\n\t\t\t\t\t\t<div class=\"elementor-element elementor-element-d75c4f6 elementor-widget elementor-widget-text-editor\" data-id=\"d75c4f6\" data-element_type=\"widget\" data-e-type=\"widget\" data-widget_type=\"text-editor.default\">\n\t\t\t\t<div class=\"elementor-widget-container\">\n\t\t\t\t\t\t\t\t\t<p><b>Tule katsomaan tuotteita tai noutamaan tilauksesi meid\u00e4n kaupassa<\/b><\/p><p>Osoitteemme on:<\/p><p>Valhallantie 3<br \/>25710 VRETA<\/p><p>Olemme yleens\u00e4 avoinna\u00a0 klo 0730-2200 Ma-Su. Soita kuitenkin ennen tuloa sopiakseen ajankohdasta niin pystymme palvelemaan paremmin.<\/p><p><b>Ennakkomaksu ja postitoimitus<br \/><\/b><\/p><p>Rahtikulut ovat 10\u20ac\u00a0 (max.koko:60xx60x80cm ja 15kg). Ylimenev\u00e4t paketit hinnoitellan tapauskohtaisesti. Kysy mielell\u00e4\u00e4n tarjousta jos ep\u00e4ilet ett\u00e4 painoraja voi ylitty\u00e4.<\/p><p>Maksa tilauksesi etuk\u00e4teen pankkitilillemme. Heti maksusi saavuttua yrityksemme tilille l\u00e4het\u00e4mme pakettisi postitse. L\u00e4het\u00e4mme teille postituksen j\u00e4lkeen paketin seurantakoodin, jolla voitte seurata sit\u00e4 Postin kotisivuilla ja n\u00e4hd\u00e4 milloin paketti saapuu omaan postiinne.<\/p><p>Muista mainita viitenumero maksuvaihessa. Viitetiedot l\u00e4hetet\u00e4\u00e4n s\u00e4hk\u00f6postiosoitteesesi tilauksen vahvistuksen yhteydess\u00e4.<\/p><p><b>L\u00e4hetyksen seuranta<\/b><br \/>Voit helposti seurata pakettiasi <a href=\"http:\/\/www.posti.fi\/lahetystenseuranta\/\"><span style=\"color: #ff0000;\">Postin l\u00e4hetysseuranta sivuilla.<\/span><\/a><\/p><p><b>Tilaukset ulkomailta \/ <\/b><br \/>Ulkomaan tilauksien toimituskulut laskemme manuaalisesti, koska painon lis\u00e4ksi paketin koko vaikuttaa my\u00f6s l\u00e4hetyksen hintaan.<\/p><p><b>Orders from other countries<\/b><br \/>We ship to other countries too. Shipping costs starts at 10\u20ac. Send us a email or call us and we will be happy to help you.<\/p>\t\t\t\t\t\t\t\t<\/div>\n\t\t\t\t<\/div>\n\t\t\t\t\t<\/div>\n\t\t<\/div>\n\t\t\t\t\t<\/div>\n\t\t<\/section>\n\t\t\t\t<\/div>\n\t\t","protected":false},"excerpt":{"rendered":"<p>Tule katsomaan tuotteita tai noutamaan tilauksesi meid\u00e4n kaupassa Osoitteemme on: Valhallantie 325710 VRETA Olemme yleens\u00e4 avoinna\u00a0 klo 0730-2200 Ma-Su. Soita kuitenkin ennen tuloa sopiakseen ajankohdasta niin pystymme palvelemaan paremmin. Ennakkomaksu ja postitoimitus Rahtikulut ovat 10\u20ac\u00a0 (max.koko:60xx60x80cm ja 15kg). Ylimenev\u00e4t paketit hinnoitellan tapauskohtaisesti. Kysy mielell\u00e4\u00e4n tarjousta jos ep\u00e4ilet ett\u00e4 painoraja voi ylitty\u00e4. Maksa tilauksesi etuk\u00e4teen pankkitilillemme. [&hellip;]<\/p>\n","protected":false},"author":1,"featured_media":0,"parent":0,"menu_order":0,"comment_status":"closed","ping_status":"closed","template":"","meta":{"ocean_post_layout":"","ocean_both_sidebars_style":"","ocean_both_sidebars_content_width":0,"ocean_both_sidebars_sidebars_width":0,"ocean_sidebar":"0","ocean_second_sidebar":"0","ocean_disable_margins":"enable","ocean_add_body_class":"","ocean_shortcode_before_top_bar":"","ocean_shortcode_after_top_bar":"","ocean_shortcode_before_header":"","ocean_shortcode_after_header":"","ocean_has_shortcode":"","ocean_shortcode_after_title":"","ocean_shortcode_before_footer_widgets":"","ocean_shortcode_after_footer_widgets":"","ocean_shortcode_before_footer_bottom":"","ocean_shortcode_after_footer_bottom":"","ocean_display_top_bar":"default","ocean_display_header":"default","ocean_header_style":"","ocean_center_header_left_menu":"0","ocean_custom_header_template":"0","ocean_custom_logo":0,"ocean_custom_retina_logo":0,"ocean_custom_logo_max_width":0,"ocean_custom_logo_tablet_max_width":0,"ocean_custom_logo_mobile_max_width":0,"ocean_custom_logo_max_height":0,"ocean_custom_logo_tablet_max_height":0,"ocean_custom_logo_mobile_max_height":0,"ocean_header_custom_menu":"0","ocean_menu_typo_font_family":"0","ocean_menu_typo_font_subset":"","ocean_menu_typo_font_size":0,"ocean_menu_typo_font_size_tablet":0,"ocean_menu_typo_font_size_mobile":0,"ocean_menu_typo_font_size_unit":"px","ocean_menu_typo_font_weight":"","ocean_menu_typo_font_weight_tablet":"","ocean_menu_typo_font_weight_mobile":"","ocean_menu_typo_transform":"","ocean_menu_typo_transform_tablet":"","ocean_menu_typo_transform_mobile":"","ocean_menu_typo_line_height":0,"ocean_menu_typo_line_height_tablet":0,"ocean_menu_typo_line_height_mobile":0,"ocean_menu_typo_line_height_unit":"","ocean_menu_typo_spacing":0,"ocean_menu_typo_spacing_tablet":0,"ocean_menu_typo_spacing_mobile":0,"ocean_menu_typo_spacing_unit":"","ocean_menu_link_color":"","ocean_menu_link_color_hover":"","ocean_menu_link_color_active":"","ocean_menu_link_background":"","ocean_menu_link_hover_background":"","ocean_menu_link_active_background":"","ocean_menu_social_links_bg":"","ocean_menu_social_hover_links_bg":"","ocean_menu_social_links_color":"","ocean_menu_social_hover_links_color":"","ocean_disable_title":"default","ocean_disable_heading":"default","ocean_post_title":"","ocean_post_subheading":"","ocean_post_title_style":"","ocean_post_title_background_color":"","ocean_post_title_background":0,"ocean_post_title_bg_image_position":"","ocean_post_title_bg_image_attachment":"","ocean_post_title_bg_image_repeat":"","ocean_post_title_bg_image_size":"","ocean_post_title_height":0,"ocean_post_title_bg_overlay":0.5,"ocean_post_title_bg_overlay_color":"","ocean_disable_breadcrumbs":"default","ocean_breadcrumbs_color":"","ocean_breadcrumbs_separator_color":"","ocean_breadcrumbs_links_color":"","ocean_breadcrumbs_links_hover_color":"","ocean_display_footer_widgets":"default","ocean_display_footer_bottom":"default","ocean_custom_footer_template":"0","footnotes":""},"class_list":["post-128","page","type-page","status-publish","hentry","entry","owp-thumbs-layout-horizontal","owp-btn-normal","owp-tabs-layout-horizontal","has-no-thumbnails","has-product-nav"],"jetpack_sharing_enabled":true,"_links":{"self":[{"href":"https:\/\/mildot.fi\/index.php\/wp-json\/wp\/v2\/pages\/128","targetHints":{"allow":["GET"]}}],"collection":[{"href":"https:\/\/mildot.fi\/index.php\/wp-json\/wp\/v2\/pages"}],"about":[{"href":"https:\/\/mildot.fi\/index.php\/wp-json\/wp\/v2\/types\/page"}],"author":[{"embeddable":true,"href":"https:\/\/mildot.fi\/index.php\/wp-json\/wp\/v2\/users\/1"}],"replies":[{"embeddable":true,"href":"https:\/\/mildot.fi\/index.php\/wp-json\/wp\/v2\/comments?post=128"}],"version-history":[{"count":31,"href":"https:\/\/mildot.fi\/index.php\/wp-json\/wp\/v2\/pages\/128\/revisions"}],"predecessor-version":[{"id":11135,"href":"https:\/\/mildot.fi\/index.php\/wp-json\/wp\/v2\/pages\/128\/revisions\/11135"}],"wp:attachment":[{"href":"https:\/\/mildot.fi\/index.php\/wp-json\/wp\/v2\/media?parent=128"}],"curies":[{"name":"wp","href":"https:\/\/api.w.org\/{rel}","templated":true}]}}